{"id":45,"date":"2025-08-05T13:36:16","date_gmt":"2025-08-05T13:36:16","guid":{"rendered":"https:\/\/crp.rs\/?page_id=45"},"modified":"2025-08-31T13:56:48","modified_gmt":"2025-08-31T13:56:48","slug":"doniraj","status":"publish","type":"page","link":"https:\/\/crp.rs\/index.php\/doniraj\/","title":{"rendered":"Doniraj"},"content":{"rendered":"\n<figure class=\"wp-block-image is-resized\"><img decoding=\"async\" src=\"https:\/\/crp.rs\/wp-content\/uploads\/2025\/08\/DONACIJE-PNG-HEADER-1024x256.png\" alt=\"\u0422\u0440\u0435\u043d\u0443\u0442\u043d\u0430 \u0441\u043b\u0438\u043a\u0430 \u043d\u0435\u043c\u0430 \u0437\u0430\u043c\u0435\u043d\u0441\u043a\u0438 \u0442\u0435\u043a\u0441\u0442. \u0418\u043c\u0435 \u0434\u0430\u0442\u043e\u0442\u0435\u043a\u0435 \u0458\u0435: DONACIJE-PNG-HEADER-scaled.png\" style=\"width:1178px;height:auto\"\/><\/figure>\n\n\n\n<p>Va\u0161e poverenje nam je dragoceno \u2014 i najmanja finansijska podr\u0161ka nosi sna\u017enu poruku da nismo sami u borbi za pravednije dru\u0161tvo. Takav doprinos poma\u017ee da organizujemo klju\u010dne aktivnosti, koje zahtevaju ozbiljna sredstva i veliki broj uklju\u010denih ljudi, poput posmatranja izbora, gde je anga\u017eovan veliki broj posmatra\u010da.<\/p>\n\n\n\n<p>Zala\u017eemo se za dr\u017eavu u kojoj institucije rade u interesu gra\u0111ana, a ne zarad partijskih ciljeva. Dr\u017eavu u kojoj pred zakonom svi imaju ista prava i obaveze.<\/p>\n\n\n\n<p>Sve \u0161to \u010dinimo, \u010dinimo kako bismo za\u0161titili interese ljudi, jer verujemo da promena dolazi odozdo \u2014 uz podr\u0161ku i poverenje onih kojima ta promena najvi\u0161e zna\u010di.<\/p>\n\n\n\n<p class=\"has-text-align-center\"><strong>HVALA VAM NA SVAKOJ DONACIJI ZA NA\u0160 RAD!<\/strong><\/p>\n\n\n\n<p class=\"has-text-align-center\">Donacije su mogu\u0107e i direktno putem mobilne aplikacije Va\u0161e banke skeniranjem slede\u0107eg NBS IPS QR koda.<\/p>\n\n\n<div class=\"wp-block-image\">\n<figure class=\"aligncenter size-full\"><img loading=\"lazy\" decoding=\"async\" width=\"1003\" height=\"389\" src=\"https:\/\/crp.rs\/wp-content\/uploads\/2025\/08\/uplatnica-slika.png\" alt=\"\" class=\"wp-image-1659\" srcset=\"https:\/\/crp.rs\/wp-content\/uploads\/2025\/08\/uplatnica-slika.png 1003w, https:\/\/crp.rs\/wp-content\/uploads\/2025\/08\/uplatnica-slika-300x116.png 300w, https:\/\/crp.rs\/wp-content\/uploads\/2025\/08\/uplatnica-slika-768x298.png 768w\" sizes=\"auto, (max-width: 1003px) 100vw, 1003px\" \/><\/figure>\n<\/div>\n\n<style>.kb-image45_87a095-ae.kb-image-is-ratio-size, .kb-image45_87a095-ae .kb-image-is-ratio-size{max-width:523px;width:100%;}.wp-block-kadence-column > .kt-inside-inner-col > .kb-image45_87a095-ae.kb-image-is-ratio-size, .wp-block-kadence-column > .kt-inside-inner-col > .kb-image45_87a095-ae .kb-image-is-ratio-size{align-self:unset;}.kb-image45_87a095-ae figure{max-width:523px;}.kb-image45_87a095-ae .image-is-svg, .kb-image45_87a095-ae .image-is-svg img{width:100%;}.kb-image45_87a095-ae .kb-image-has-overlay:after{opacity:0.3;}<\/style>\n<div class=\"wp-block-kadence-image kb-image45_87a095-ae\"><figure class=\"aligncenter size-large\"><img loading=\"lazy\" decoding=\"async\" width=\"1024\" height=\"1024\" src=\"https:\/\/crp.rs\/wp-content\/uploads\/2025\/08\/11-1024x1024.jpg\" alt=\"\" class=\"kb-img wp-image-1812\" srcset=\"https:\/\/crp.rs\/wp-content\/uploads\/2025\/08\/11-1024x1024.jpg 1024w, https:\/\/crp.rs\/wp-content\/uploads\/2025\/08\/11-300x300.jpg 300w, https:\/\/crp.rs\/wp-content\/uploads\/2025\/08\/11-150x150.jpg 150w, https:\/\/crp.rs\/wp-content\/uploads\/2025\/08\/11-768x768.jpg 768w, https:\/\/crp.rs\/wp-content\/uploads\/2025\/08\/11.jpg 1080w\" sizes=\"auto, (max-width: 1024px) 100vw, 1024px\" \/><\/figure><\/div>\n\n\n\n<div id=\"wp-block-themeisle-blocks-button-group-800eb31c\" class=\"wp-block-themeisle-blocks-button-group wp-block-buttons align-full-desktop\">\n<div id=\"wp-block-themeisle-blocks-button-b15c0ddd\" class=\"wp-block-themeisle-blocks-button wp-block-button\"><a href=\"\/index.php\/privacy-policy\/\" target=\"_self\" rel=\"noopener noreferrer\" class=\"wp-block-button__link\"><span><strong>Politika Privatnosti<\/strong><\/span><\/a><\/div>\n\n\n\n<div id=\"wp-block-themeisle-blocks-button-1578e3f3\" class=\"wp-block-themeisle-blocks-button wp-block-button\"><a href=\"\/index.php\/uslovi-uplate-donacije\/\" target=\"_self\" rel=\"noopener noreferrer\" class=\"wp-block-button__link\"><span><strong>Uslovi Uplate Donacija<\/strong><\/span><\/a><\/div>\n<\/div>\n\n\n<div class=\"sharethis-inline-share-buttons\" ><\/div>\n","protected":false},"excerpt":{"rendered":"<p>Va\u0161e poverenje nam je dragoceno \u2014 i najmanja finansijska podr\u0161ka nosi sna\u017enu poruku da nismo sami u borbi za pravednije dru\u0161tvo. Takav doprinos poma\u017ee da organizujemo klju\u010dne aktivnosti, koje zahtevaju ozbiljna sredstva i veliki broj uklju\u010denih ljudi, poput posmatranja izbora, gde je anga\u017eovan veliki broj posmatra\u010da. Zala\u017eemo se za dr\u017eavu u kojoj institucije rade u&#8230;<\/p>\n","protected":false},"author":1,"featured_media":1969,"parent":0,"menu_order":0,"comment_status":"closed","ping_status":"closed","template":"","meta":{"_acf_changed":false,"_themeisle_gutenberg_block_has_review":false,"_kadence_starter_templates_imported_post":false,"_kad_post_transparent":"","_kad_post_title":"","_kad_post_layout":"","_kad_post_sidebar_id":"","_kad_post_content_style":"","_kad_post_vertical_padding":"","_kad_post_feature":"","_kad_post_feature_position":"","_kad_post_header":false,"_kad_post_footer":false,"footnotes":""},"class_list":["post-45","page","type-page","status-publish","has-post-thumbnail","hentry"],"acf":[],"yoast_head":"<!-- This site is optimized with the Yoast SEO plugin v25.8 - https:\/\/yoast.com\/wordpress\/plugins\/seo\/ -->\n<title>Doniraj - CRP<\/title>\n<meta name=\"robots\" content=\"index, follow, max-snippet:-1, max-image-preview:large, max-video-preview:-1\" \/>\n<link rel=\"canonical\" href=\"https:\/\/crp.rs\/index.php\/doniraj\/\" \/>\n<meta property=\"og:locale\" content=\"sr_RS\" \/>\n<meta property=\"og:type\" content=\"article\" \/>\n<meta property=\"og:title\" content=\"Doniraj - CRP\" \/>\n<meta property=\"og:description\" content=\"Va\u0161e poverenje nam je dragoceno \u2014 i najmanja finansijska podr\u0161ka nosi sna\u017enu poruku da nismo sami u borbi za pravednije dru\u0161tvo. Takav doprinos poma\u017ee da organizujemo klju\u010dne aktivnosti, koje zahtevaju ozbiljna sredstva i veliki broj uklju\u010denih ljudi, poput posmatranja izbora, gde je anga\u017eovan veliki broj posmatra\u010da. Zala\u017eemo se za dr\u017eavu u kojoj institucije rade u...\" \/>\n<meta property=\"og:url\" content=\"https:\/\/crp.rs\/index.php\/doniraj\/\" \/>\n<meta property=\"og:site_name\" content=\"CRP\" \/>\n<meta property=\"article:modified_time\" content=\"2025-08-31T13:56:48+00:00\" \/>\n<meta property=\"og:image\" content=\"https:\/\/crp.rs\/wp-content\/uploads\/2025\/08\/DONACIJE-PNG-HEADER-scaled.png\" \/>\n\t<meta property=\"og:image:width\" content=\"2560\" \/>\n\t<meta property=\"og:image:height\" content=\"640\" \/>\n\t<meta property=\"og:image:type\" content=\"image\/png\" \/>\n<meta name=\"twitter:card\" content=\"summary_large_image\" \/>\n<meta name=\"twitter:label1\" content=\"\u041f\u0440\u043e\u0446\u0435\u045a\u0435\u043d\u043e \u0432\u0440\u0435\u043c\u0435 \u0447\u0438\u0442\u0430\u045a\u0430\" \/>\n\t<meta name=\"twitter:data1\" content=\"1 \u043c\u0438\u043d\u0443\u0442\" \/>\n<script type=\"application\/ld+json\" class=\"yoast-schema-graph\">{\"@context\":\"https:\/\/schema.org\",\"@graph\":[{\"@type\":\"WebPage\",\"@id\":\"https:\/\/crp.rs\/index.php\/doniraj\/\",\"url\":\"https:\/\/crp.rs\/index.php\/doniraj\/\",\"name\":\"Doniraj - CRP\",\"isPartOf\":{\"@id\":\"https:\/\/crp.rs\/#website\"},\"primaryImageOfPage\":{\"@id\":\"https:\/\/crp.rs\/index.php\/doniraj\/#primaryimage\"},\"image\":{\"@id\":\"https:\/\/crp.rs\/index.php\/doniraj\/#primaryimage\"},\"thumbnailUrl\":\"https:\/\/crp.rs\/wp-content\/uploads\/2025\/08\/DONACIJE-PNG-HEADER-scaled.png\",\"datePublished\":\"2025-08-05T13:36:16+00:00\",\"dateModified\":\"2025-08-31T13:56:48+00:00\",\"breadcrumb\":{\"@id\":\"https:\/\/crp.rs\/index.php\/doniraj\/#breadcrumb\"},\"inLanguage\":\"sr-RS\",\"potentialAction\":[{\"@type\":\"ReadAction\",\"target\":[\"https:\/\/crp.rs\/index.php\/doniraj\/\"]}]},{\"@type\":\"ImageObject\",\"inLanguage\":\"sr-RS\",\"@id\":\"https:\/\/crp.rs\/index.php\/doniraj\/#primaryimage\",\"url\":\"https:\/\/crp.rs\/wp-content\/uploads\/2025\/08\/DONACIJE-PNG-HEADER-scaled.png\",\"contentUrl\":\"https:\/\/crp.rs\/wp-content\/uploads\/2025\/08\/DONACIJE-PNG-HEADER-scaled.png\",\"width\":2560,\"height\":640},{\"@type\":\"BreadcrumbList\",\"@id\":\"https:\/\/crp.rs\/index.php\/doniraj\/#breadcrumb\",\"itemListElement\":[{\"@type\":\"ListItem\",\"position\":1,\"name\":\"\u041f\u043e\u0447\u0435\u0442\u043d\u0430\",\"item\":\"https:\/\/crp.rs\/\"},{\"@type\":\"ListItem\",\"position\":2,\"name\":\"Doniraj\"}]},{\"@type\":\"WebSite\",\"@id\":\"https:\/\/crp.rs\/#website\",\"url\":\"https:\/\/crp.rs\/\",\"name\":\"CRP\",\"description\":\"Centar za Razvoj Pomoravlja\",\"publisher\":{\"@id\":\"https:\/\/crp.rs\/#organization\"},\"potentialAction\":[{\"@type\":\"SearchAction\",\"target\":{\"@type\":\"EntryPoint\",\"urlTemplate\":\"https:\/\/crp.rs\/?s={search_term_string}\"},\"query-input\":{\"@type\":\"PropertyValueSpecification\",\"valueRequired\":true,\"valueName\":\"search_term_string\"}}],\"inLanguage\":\"sr-RS\"},{\"@type\":\"Organization\",\"@id\":\"https:\/\/crp.rs\/#organization\",\"name\":\"CRP\",\"url\":\"https:\/\/crp.rs\/\",\"logo\":{\"@type\":\"ImageObject\",\"inLanguage\":\"sr-RS\",\"@id\":\"https:\/\/crp.rs\/#\/schema\/logo\/image\/\",\"url\":\"https:\/\/crp.rs\/wp-content\/uploads\/2025\/09\/cropped-CRP-LOGO-SAJT.png\",\"contentUrl\":\"https:\/\/crp.rs\/wp-content\/uploads\/2025\/09\/cropped-CRP-LOGO-SAJT.png\",\"width\":1667,\"height\":667,\"caption\":\"CRP\"},\"image\":{\"@id\":\"https:\/\/crp.rs\/#\/schema\/logo\/image\/\"}}]}<\/script>\n<!-- \/ Yoast SEO plugin. -->","yoast_head_json":{"title":"Doniraj - CRP","robots":{"index":"index","follow":"follow","max-snippet":"max-snippet:-1","max-image-preview":"max-image-preview:large","max-video-preview":"max-video-preview:-1"},"canonical":"https:\/\/crp.rs\/index.php\/doniraj\/","og_locale":"sr_RS","og_type":"article","og_title":"Doniraj - CRP","og_description":"Va\u0161e poverenje nam je dragoceno \u2014 i najmanja finansijska podr\u0161ka nosi sna\u017enu poruku da nismo sami u borbi za pravednije dru\u0161tvo. Takav doprinos poma\u017ee da organizujemo klju\u010dne aktivnosti, koje zahtevaju ozbiljna sredstva i veliki broj uklju\u010denih ljudi, poput posmatranja izbora, gde je anga\u017eovan veliki broj posmatra\u010da. Zala\u017eemo se za dr\u017eavu u kojoj institucije rade u...","og_url":"https:\/\/crp.rs\/index.php\/doniraj\/","og_site_name":"CRP","article_modified_time":"2025-08-31T13:56:48+00:00","og_image":[{"width":2560,"height":640,"url":"https:\/\/crp.rs\/wp-content\/uploads\/2025\/08\/DONACIJE-PNG-HEADER-scaled.png","type":"image\/png"}],"twitter_card":"summary_large_image","twitter_misc":{"\u041f\u0440\u043e\u0446\u0435\u045a\u0435\u043d\u043e \u0432\u0440\u0435\u043c\u0435 \u0447\u0438\u0442\u0430\u045a\u0430":"1 \u043c\u0438\u043d\u0443\u0442"},"schema":{"@context":"https:\/\/schema.org","@graph":[{"@type":"WebPage","@id":"https:\/\/crp.rs\/index.php\/doniraj\/","url":"https:\/\/crp.rs\/index.php\/doniraj\/","name":"Doniraj - CRP","isPartOf":{"@id":"https:\/\/crp.rs\/#website"},"primaryImageOfPage":{"@id":"https:\/\/crp.rs\/index.php\/doniraj\/#primaryimage"},"image":{"@id":"https:\/\/crp.rs\/index.php\/doniraj\/#primaryimage"},"thumbnailUrl":"https:\/\/crp.rs\/wp-content\/uploads\/2025\/08\/DONACIJE-PNG-HEADER-scaled.png","datePublished":"2025-08-05T13:36:16+00:00","dateModified":"2025-08-31T13:56:48+00:00","breadcrumb":{"@id":"https:\/\/crp.rs\/index.php\/doniraj\/#breadcrumb"},"inLanguage":"sr-RS","potentialAction":[{"@type":"ReadAction","target":["https:\/\/crp.rs\/index.php\/doniraj\/"]}]},{"@type":"ImageObject","inLanguage":"sr-RS","@id":"https:\/\/crp.rs\/index.php\/doniraj\/#primaryimage","url":"https:\/\/crp.rs\/wp-content\/uploads\/2025\/08\/DONACIJE-PNG-HEADER-scaled.png","contentUrl":"https:\/\/crp.rs\/wp-content\/uploads\/2025\/08\/DONACIJE-PNG-HEADER-scaled.png","width":2560,"height":640},{"@type":"BreadcrumbList","@id":"https:\/\/crp.rs\/index.php\/doniraj\/#breadcrumb","itemListElement":[{"@type":"ListItem","position":1,"name":"\u041f\u043e\u0447\u0435\u0442\u043d\u0430","item":"https:\/\/crp.rs\/"},{"@type":"ListItem","position":2,"name":"Doniraj"}]},{"@type":"WebSite","@id":"https:\/\/crp.rs\/#website","url":"https:\/\/crp.rs\/","name":"CRP","description":"Centar za Razvoj Pomoravlja","publisher":{"@id":"https:\/\/crp.rs\/#organization"},"potentialAction":[{"@type":"SearchAction","target":{"@type":"EntryPoint","urlTemplate":"https:\/\/crp.rs\/?s={search_term_string}"},"query-input":{"@type":"PropertyValueSpecification","valueRequired":true,"valueName":"search_term_string"}}],"inLanguage":"sr-RS"},{"@type":"Organization","@id":"https:\/\/crp.rs\/#organization","name":"CRP","url":"https:\/\/crp.rs\/","logo":{"@type":"ImageObject","inLanguage":"sr-RS","@id":"https:\/\/crp.rs\/#\/schema\/logo\/image\/","url":"https:\/\/crp.rs\/wp-content\/uploads\/2025\/09\/cropped-CRP-LOGO-SAJT.png","contentUrl":"https:\/\/crp.rs\/wp-content\/uploads\/2025\/09\/cropped-CRP-LOGO-SAJT.png","width":1667,"height":667,"caption":"CRP"},"image":{"@id":"https:\/\/crp.rs\/#\/schema\/logo\/image\/"}}]}},"_links":{"self":[{"href":"https:\/\/crp.rs\/index.php\/wp-json\/wp\/v2\/pages\/45","targetHints":{"allow":["GET"]}}],"collection":[{"href":"https:\/\/crp.rs\/index.php\/wp-json\/wp\/v2\/pages"}],"about":[{"href":"https:\/\/crp.rs\/index.php\/wp-json\/wp\/v2\/types\/page"}],"author":[{"embeddable":true,"href":"https:\/\/crp.rs\/index.php\/wp-json\/wp\/v2\/users\/1"}],"replies":[{"embeddable":true,"href":"https:\/\/crp.rs\/index.php\/wp-json\/wp\/v2\/comments?post=45"}],"version-history":[{"count":10,"href":"https:\/\/crp.rs\/index.php\/wp-json\/wp\/v2\/pages\/45\/revisions"}],"predecessor-version":[{"id":1970,"href":"https:\/\/crp.rs\/index.php\/wp-json\/wp\/v2\/pages\/45\/revisions\/1970"}],"wp:featuredmedia":[{"embeddable":true,"href":"https:\/\/crp.rs\/index.php\/wp-json\/wp\/v2\/media\/1969"}],"wp:attachment":[{"href":"https:\/\/crp.rs\/index.php\/wp-json\/wp\/v2\/media?parent=45"}],"curies":[{"name":"wp","href":"https:\/\/api.w.org\/{rel}","templated":true}]}}