{"id":43,"date":"2025-08-05T13:36:16","date_gmt":"2025-08-05T13:36:16","guid":{"rendered":"https:\/\/crp.rs\/?page_id=43"},"modified":"2025-09-03T15:11:01","modified_gmt":"2025-09-03T15:11:01","slug":"pokretaci","status":"publish","type":"page","link":"https:\/\/crp.rs\/index.php\/pokretaci\/","title":{"rendered":"Pokreta\u010di"},"content":{"rendered":"\n<figure class=\"wp-block-image size-large is-resized\"><img loading=\"lazy\" decoding=\"async\" width=\"1024\" height=\"341\" src=\"https:\/\/crp.rs\/wp-content\/uploads\/2025\/09\/budi-pokretac-final-1024x341.png\" alt=\"\" class=\"wp-image-2006\" style=\"width:1178px;height:auto\" srcset=\"https:\/\/crp.rs\/wp-content\/uploads\/2025\/09\/budi-pokretac-final-1024x341.png 1024w, https:\/\/crp.rs\/wp-content\/uploads\/2025\/09\/budi-pokretac-final-300x100.png 300w, https:\/\/crp.rs\/wp-content\/uploads\/2025\/09\/budi-pokretac-final-768x256.png 768w, https:\/\/crp.rs\/wp-content\/uploads\/2025\/09\/budi-pokretac-final-1536x512.png 1536w, https:\/\/crp.rs\/wp-content\/uploads\/2025\/09\/budi-pokretac-final-2048x683.png 2048w\" sizes=\"auto, (max-width: 1024px) 100vw, 1024px\" \/><\/figure>\n\n\n\n<div id=\"wp-block-themeisle-blocks-advanced-columns-7c32e0a4\" class=\"wp-block-themeisle-blocks-advanced-columns has-1-columns has-desktop-equal-layout has-tablet-equal-layout has-mobile-equal-layout has-vertical-unset\"><div class=\"wp-block-themeisle-blocks-advanced-columns-overlay\"><\/div><div class=\"innerblocks-wrap\">\n<div id=\"wp-block-themeisle-blocks-advanced-column-c8d9b248\" class=\"wp-block-themeisle-blocks-advanced-column\">\n<p class=\"has-text-align-center has-theme-palette-4-color has-text-color has-link-color has-large-font-size wp-elements-68d744c0ae783b8b510d6c74c4d01c28\">Ima\u0161 mogu\u0107nosti i znanje koje bi pomoglo daljem razvoju na\u0161e sredine?<\/p>\n\n\n\n<p class=\"has-text-align-center has-theme-palette-4-color has-text-color has-link-color has-large-font-size wp-elements-b2c990de16148cae2f10a97d4ef2a5e4\">Smatra\u0161 da se ne\u0161to treba promeniti i voleo\/la bi da se aktivno anga\u017euje\u0161 u sre\u0111ivanju svoje lokalne zajednice?&nbsp;<\/p>\n\n\n\n<p class=\"has-text-align-center has-theme-palette-4-color has-text-color has-link-color has-large-font-size wp-elements-43ca6d5e6517c3b099863168deb53401\">Popuni ovu formu ako se pronalazi\u0161 u ovome!<\/p>\n\n\n<style>.kadence-column43_6edb12-b0 > .kt-inside-inner-col{display:flex;}.kadence-column43_6edb12-b0 > .kt-inside-inner-col{padding-top:var(--global-kb-spacing-xxs, 0.5rem);padding-right:var(--global-kb-spacing-xxs, 0.5rem);padding-left:var(--global-kb-spacing-xxs, 0.5rem);}.kadence-column43_6edb12-b0 > .kt-inside-inner-col,.kadence-column43_6edb12-b0 > .kt-inside-inner-col:before{border-top-left-radius:15px;border-top-right-radius:15px;border-bottom-right-radius:15px;border-bottom-left-radius:15px;}.kadence-column43_6edb12-b0 > .kt-inside-inner-col{column-gap:var(--global-kb-gap-sm, 1rem);}.kadence-column43_6edb12-b0 > .kt-inside-inner-col{flex-direction:column;align-items:center;}.kadence-column43_6edb12-b0 > .kt-inside-inner-col > .kb-image-is-ratio-size{align-self:stretch;}.kadence-column43_6edb12-b0 > .kt-inside-inner-col > .wp-block-kadence-advancedgallery{align-self:stretch;}.kadence-column43_6edb12-b0 > .kt-inside-inner-col > .aligncenter{width:100%;}.kadence-column43_6edb12-b0 > .kt-inside-inner-col{background-image:linear-gradient(135deg,rgb(238,238,238) 0%,rgb(169,184,195) 100%);}.kadence-column43_6edb12-b0 > .kt-inside-inner-col:before{opacity:0.3;}.kadence-column43_6edb12-b0{text-align:center;}.kadence-column43_6edb12-b0{position:relative;}.kadence-column43_6edb12-b0, .kt-inside-inner-col > .kadence-column43_6edb12-b0:not(.specificity){margin-top:0px;margin-right:var(--global-kb-spacing-xxs, 0.5rem);margin-bottom:var(--global-kb-spacing-xxs, 0.5rem);margin-left:var(--global-kb-spacing-xxs, 0.5rem);}@media all and (max-width: 1024px){.kadence-column43_6edb12-b0 > .kt-inside-inner-col{flex-direction:column;justify-content:center;align-items:center;}}@media all and (max-width: 767px){.kadence-column43_6edb12-b0 > .kt-inside-inner-col{flex-direction:column;justify-content:center;align-items:center;}}<\/style>\n<div class=\"wp-block-kadence-column kadence-column43_6edb12-b0\"><div class=\"kt-inside-inner-col\"><div class=\"forminator-ui forminator-custom-form forminator-custom-form-1597 forminator-design--default  forminator_ajax\" data-forminator-render=\"0\" data-form=\"forminator-module-1597\" data-uid=\"69e0d08e668b6\"><br\/><\/div><form\n\t\t\t\tid=\"forminator-module-1597\"\n\t\t\t\tclass=\"forminator-ui forminator-custom-form forminator-custom-form-1597 forminator-design--default  forminator_ajax\"\n\t\t\t\tmethod=\"post\"\n\t\t\t\tdata-forminator-render=\"0\"\n\t\t\t\tdata-form-id=\"1597\"\n\t\t\t\t\n\t\t\t\tdata-design=\"default\"\n\t\t\t\tdata-color-option=\"theme\"\n\t\t\t\t\n\t\t\t\t\n\t\t\t\t\n\t\t\t\tdata-grid=\"open\"\n\t\t\t\t\n\t\t\t\t\n\t\t\t\tstyle=\"display: none;\"\n\t\t\t\t\n\t\t\t\tdata-uid=\"69e0d08e668b6\"\n\t\t\t><div role=\"alert\" aria-live=\"polite\" class=\"forminator-response-message forminator-error\" aria-hidden=\"true\"><\/div><div class=\"forminator-row\"><div id=\"name-1\" class=\"forminator-field-name forminator-col forminator-col-6 \"><div class=\"forminator-field\"><label for=\"forminator-field-name-1_69e0d08e668b6\" id=\"forminator-field-name-1_69e0d08e668b6-label\" class=\"forminator-label\">Ime <span class=\"forminator-required\">*<\/span><\/label><input type=\"text\" name=\"name-1\" value=\"\" placeholder=\"\" id=\"forminator-field-name-1_69e0d08e668b6\" class=\"forminator-input forminator-name--field\" aria-required=\"true\" \/><\/div><\/div><div id=\"name-2\" class=\"forminator-field-name forminator-col forminator-col-6 \"><div class=\"forminator-field\"><label for=\"forminator-field-name-2_69e0d08e668b6\" id=\"forminator-field-name-2_69e0d08e668b6-label\" class=\"forminator-label\">Prezime <span class=\"forminator-required\">*<\/span><\/label><input type=\"text\" name=\"name-2\" value=\"\" placeholder=\"\" id=\"forminator-field-name-2_69e0d08e668b6\" class=\"forminator-input forminator-name--field\" aria-required=\"true\" \/><\/div><\/div><\/div><div class=\"forminator-row\"><div id=\"email-1\" class=\"forminator-field-email forminator-col forminator-col-6 \"><div class=\"forminator-field\"><label for=\"forminator-field-email-1_69e0d08e668b6\" id=\"forminator-field-email-1_69e0d08e668b6-label\" class=\"forminator-label\">Email Adresa <span class=\"forminator-required\">*<\/span><\/label><input type=\"email\" name=\"email-1\" value=\"\" placeholder=\"\" id=\"forminator-field-email-1_69e0d08e668b6\" class=\"forminator-input forminator-email--field\" data-required=\"1\" aria-required=\"true\" \/><\/div><\/div><div id=\"phone-1\" class=\"forminator-field-phone forminator-col forminator-col-6 \"><div class=\"forminator-field\"><label for=\"forminator-field-phone-1_69e0d08e668b6\" id=\"forminator-field-phone-1_69e0d08e668b6-label\" class=\"forminator-label\">Broj Telefona<\/label><input type=\"text\" name=\"phone-1\" value=\"\" placeholder=\"\" id=\"forminator-field-phone-1_69e0d08e668b6\" class=\"forminator-input forminator-field--phone\" data-required=\"\" aria-required=\"false\" autocomplete=\"off\" data-national_mode=\"disabled\" data-country=\"rs\" data-validation=\"international\" \/><\/div><\/div><\/div><div class=\"forminator-row\"><div id=\"address-1\" class=\"forminator-field-address forminator-col forminator-col-12 \"><div class=\"forminator-row\"><div id=\"address-1-street_address\" class=\"forminator-col\"><div class=\"forminator-field\"><label for=\"forminator-field-address-1-street_address_69e0d08e668b6\" id=\"forminator-field-address-1-street_address_69e0d08e668b6-label\" class=\"forminator-label\">Mesto Prebivali\u0161ta <span class=\"forminator-required\">*<\/span><\/label><input type=\"text\" name=\"address-1-street_address\" placeholder=\"\" id=\"forminator-field-address-1-street_address_69e0d08e668b6\" class=\"forminator-input\" data-required=\"1\" aria-required=\"true\" value=\"\" \/><\/div><\/div><\/div><\/div><\/div><div class=\"forminator-row\"><div id=\"text-1\" class=\"forminator-field-text forminator-col forminator-col-12 \"><div class=\"forminator-field\"><label for=\"forminator-field-text-1_69e0d08e668b6\" id=\"forminator-field-text-1_69e0d08e668b6-label\" class=\"forminator-label\">Ste\u010deno Obrazovanje <span class=\"forminator-required\">*<\/span><\/label><input type=\"text\" name=\"text-1\" value=\"\" placeholder=\"\" id=\"forminator-field-text-1_69e0d08e668b6\" class=\"forminator-input forminator-name--field\" data-required=\"1\" \/><\/div><\/div><\/div><div class=\"forminator-row\"><div id=\"text-3\" class=\"forminator-field-text forminator-col forminator-col-12 \"><div class=\"forminator-field\"><label for=\"forminator-field-text-3_69e0d08e668b6\" id=\"forminator-field-text-3_69e0d08e668b6-label\" class=\"forminator-label\">Ve\u0161tine kojima raspola\u017ee\u0161 <span class=\"forminator-required\">*<\/span><\/label><input type=\"text\" name=\"text-3\" value=\"\" placeholder=\"\" id=\"forminator-field-text-3_69e0d08e668b6\" class=\"forminator-input forminator-name--field\" data-required=\"1\" \/><\/div><\/div><\/div><div class=\"forminator-row\"><div id=\"text-2\" class=\"forminator-field-text forminator-col forminator-col-12 \"><div class=\"forminator-field\"><label for=\"forminator-field-text-2_69e0d08e668b6\" id=\"forminator-field-text-2_69e0d08e668b6-label\" class=\"forminator-label\">Mogu\u0107nosti koje bi pru\u017eio <span class=\"forminator-required\">*<\/span><\/label><input type=\"text\" name=\"text-2\" value=\"\" placeholder=\"\" id=\"forminator-field-text-2_69e0d08e668b6\" class=\"forminator-input forminator-name--field\" data-required=\"1\" \/><\/div><\/div><\/div><div class=\"forminator-row\"><div id=\"textarea-3\" class=\"forminator-field-textarea forminator-col forminator-col-12 \"><div class=\"forminator-field\"><label for=\"forminator-field-textarea-3_69e0d08e668b6\" id=\"forminator-field-textarea-3_69e0d08e668b6-label\" class=\"forminator-label\">Napi\u0161i ne\u0161to o sebi <span class=\"forminator-required\">*<\/span><\/label><textarea name=\"textarea-3\" placeholder=\"\" id=\"forminator-field-textarea-3_69e0d08e668b6\" class=\"forminator-textarea\" rows=\"6\" style=\"min-height:140px;\" ><\/textarea><\/div><\/div><\/div><div class=\"forminator-row\"><div id=\"captcha-1\" class=\"forminator-field-captcha forminator-col forminator-col-12 \"><div class=\"forminator-captcha-left forminator-g-recaptcha recaptcha-invisible\" data-theme=\"light\" data-badge=\"bottomright\" data-sitekey=\"6LdM-ZsrAAAAAC9hOJGrVWqvxNnmDD7IuX4eHsRr\" data-size=\"invisible\"><\/div> <\/div><\/div><input type=\"hidden\" name=\"referer_url\" value=\"\" \/><div class=\"forminator-row forminator-row-last\"><div class=\"forminator-col\"><div class=\"forminator-field\"><button class=\"forminator-button forminator-button-submit\">Prosledi Informacije<\/button><\/div><\/div><\/div><input type=\"hidden\" id=\"forminator_nonce\" name=\"forminator_nonce\" value=\"b3229cd1f3\" \/><input type=\"hidden\" name=\"_wp_http_referer\" value=\"\/index.php\/wp-json\/wp\/v2\/pages\/43\" \/><input type=\"hidden\" name=\"form_id\" value=\"1597\"><input type=\"hidden\" name=\"page_id\" value=\"43\"><input type=\"hidden\" name=\"form_type\" value=\"default\"><input type=\"hidden\" name=\"current_url\" value=\"https:\/\/crp.rs\/index.php\/pokretaci\/\"><input type=\"hidden\" name=\"render_id\" value=\"0\"><input type=\"hidden\" name=\"action\" value=\"forminator_submit_form_custom-forms\"><\/form>\n<\/div><\/div>\n<\/div>\n<\/div><\/div>\n\n\n<div class=\"sharethis-inline-share-buttons\" ><\/div>\n","protected":false},"excerpt":{"rendered":"","protected":false},"author":1,"featured_media":0,"parent":0,"menu_order":0,"comment_status":"closed","ping_status":"closed","template":"","meta":{"_acf_changed":false,"_themeisle_gutenberg_block_has_review":false,"_kadence_starter_templates_imported_post":false,"_kad_post_transparent":"","_kad_post_title":"","_kad_post_layout":"","_kad_post_sidebar_id":"","_kad_post_content_style":"","_kad_post_vertical_padding":"","_kad_post_feature":"","_kad_post_feature_position":"","_kad_post_header":false,"_kad_post_footer":false,"footnotes":""},"class_list":["post-43","page","type-page","status-publish","hentry"],"acf":[],"yoast_head":"<!-- This site is optimized with the Yoast SEO plugin v25.8 - https:\/\/yoast.com\/wordpress\/plugins\/seo\/ -->\n<title>Pokreta\u010di - CRP<\/title>\n<meta name=\"robots\" content=\"index, follow, max-snippet:-1, max-image-preview:large, max-video-preview:-1\" \/>\n<link rel=\"canonical\" href=\"https:\/\/crp.rs\/index.php\/pokretaci\/\" \/>\n<meta property=\"og:locale\" content=\"sr_RS\" \/>\n<meta property=\"og:type\" content=\"article\" \/>\n<meta property=\"og:title\" content=\"Pokreta\u010di - CRP\" \/>\n<meta property=\"og:url\" content=\"https:\/\/crp.rs\/index.php\/pokretaci\/\" \/>\n<meta property=\"og:site_name\" content=\"CRP\" \/>\n<meta property=\"article:modified_time\" content=\"2025-09-03T15:11:01+00:00\" \/>\n<meta property=\"og:image\" content=\"https:\/\/crp.rs\/wp-content\/uploads\/2025\/09\/budi-pokretac-final-scaled.png\" \/>\n\t<meta property=\"og:image:width\" content=\"2560\" \/>\n\t<meta property=\"og:image:height\" content=\"853\" \/>\n\t<meta property=\"og:image:type\" content=\"image\/png\" \/>\n<meta name=\"twitter:card\" content=\"summary_large_image\" \/>\n<meta name=\"twitter:label1\" content=\"\u041f\u0440\u043e\u0446\u0435\u045a\u0435\u043d\u043e \u0432\u0440\u0435\u043c\u0435 \u0447\u0438\u0442\u0430\u045a\u0430\" \/>\n\t<meta name=\"twitter:data1\" content=\"1 \u043c\u0438\u043d\u0443\u0442\" \/>\n<script type=\"application\/ld+json\" class=\"yoast-schema-graph\">{\"@context\":\"https:\/\/schema.org\",\"@graph\":[{\"@type\":\"WebPage\",\"@id\":\"https:\/\/crp.rs\/index.php\/pokretaci\/\",\"url\":\"https:\/\/crp.rs\/index.php\/pokretaci\/\",\"name\":\"Pokreta\u010di - CRP\",\"isPartOf\":{\"@id\":\"https:\/\/crp.rs\/#website\"},\"primaryImageOfPage\":{\"@id\":\"https:\/\/crp.rs\/index.php\/pokretaci\/#primaryimage\"},\"image\":{\"@id\":\"https:\/\/crp.rs\/index.php\/pokretaci\/#primaryimage\"},\"thumbnailUrl\":\"https:\/\/crp.rs\/wp-content\/uploads\/2025\/09\/budi-pokretac-final-1024x341.png\",\"datePublished\":\"2025-08-05T13:36:16+00:00\",\"dateModified\":\"2025-09-03T15:11:01+00:00\",\"breadcrumb\":{\"@id\":\"https:\/\/crp.rs\/index.php\/pokretaci\/#breadcrumb\"},\"inLanguage\":\"sr-RS\",\"potentialAction\":[{\"@type\":\"ReadAction\",\"target\":[\"https:\/\/crp.rs\/index.php\/pokretaci\/\"]}]},{\"@type\":\"ImageObject\",\"inLanguage\":\"sr-RS\",\"@id\":\"https:\/\/crp.rs\/index.php\/pokretaci\/#primaryimage\",\"url\":\"https:\/\/crp.rs\/wp-content\/uploads\/2025\/09\/budi-pokretac-final-scaled.png\",\"contentUrl\":\"https:\/\/crp.rs\/wp-content\/uploads\/2025\/09\/budi-pokretac-final-scaled.png\",\"width\":2560,\"height\":853},{\"@type\":\"BreadcrumbList\",\"@id\":\"https:\/\/crp.rs\/index.php\/pokretaci\/#breadcrumb\",\"itemListElement\":[{\"@type\":\"ListItem\",\"position\":1,\"name\":\"\u041f\u043e\u0447\u0435\u0442\u043d\u0430\",\"item\":\"https:\/\/crp.rs\/\"},{\"@type\":\"ListItem\",\"position\":2,\"name\":\"Pokreta\u010di\"}]},{\"@type\":\"WebSite\",\"@id\":\"https:\/\/crp.rs\/#website\",\"url\":\"https:\/\/crp.rs\/\",\"name\":\"CRP\",\"description\":\"Centar za Razvoj Pomoravlja\",\"publisher\":{\"@id\":\"https:\/\/crp.rs\/#organization\"},\"potentialAction\":[{\"@type\":\"SearchAction\",\"target\":{\"@type\":\"EntryPoint\",\"urlTemplate\":\"https:\/\/crp.rs\/?s={search_term_string}\"},\"query-input\":{\"@type\":\"PropertyValueSpecification\",\"valueRequired\":true,\"valueName\":\"search_term_string\"}}],\"inLanguage\":\"sr-RS\"},{\"@type\":\"Organization\",\"@id\":\"https:\/\/crp.rs\/#organization\",\"name\":\"CRP\",\"url\":\"https:\/\/crp.rs\/\",\"logo\":{\"@type\":\"ImageObject\",\"inLanguage\":\"sr-RS\",\"@id\":\"https:\/\/crp.rs\/#\/schema\/logo\/image\/\",\"url\":\"https:\/\/crp.rs\/wp-content\/uploads\/2025\/09\/cropped-CRP-LOGO-SAJT.png\",\"contentUrl\":\"https:\/\/crp.rs\/wp-content\/uploads\/2025\/09\/cropped-CRP-LOGO-SAJT.png\",\"width\":1667,\"height\":667,\"caption\":\"CRP\"},\"image\":{\"@id\":\"https:\/\/crp.rs\/#\/schema\/logo\/image\/\"}}]}<\/script>\n<!-- \/ Yoast SEO plugin. -->","yoast_head_json":{"title":"Pokreta\u010di - CRP","robots":{"index":"index","follow":"follow","max-snippet":"max-snippet:-1","max-image-preview":"max-image-preview:large","max-video-preview":"max-video-preview:-1"},"canonical":"https:\/\/crp.rs\/index.php\/pokretaci\/","og_locale":"sr_RS","og_type":"article","og_title":"Pokreta\u010di - CRP","og_url":"https:\/\/crp.rs\/index.php\/pokretaci\/","og_site_name":"CRP","article_modified_time":"2025-09-03T15:11:01+00:00","og_image":[{"width":2560,"height":853,"url":"https:\/\/crp.rs\/wp-content\/uploads\/2025\/09\/budi-pokretac-final-scaled.png","type":"image\/png"}],"twitter_card":"summary_large_image","twitter_misc":{"\u041f\u0440\u043e\u0446\u0435\u045a\u0435\u043d\u043e \u0432\u0440\u0435\u043c\u0435 \u0447\u0438\u0442\u0430\u045a\u0430":"1 \u043c\u0438\u043d\u0443\u0442"},"schema":{"@context":"https:\/\/schema.org","@graph":[{"@type":"WebPage","@id":"https:\/\/crp.rs\/index.php\/pokretaci\/","url":"https:\/\/crp.rs\/index.php\/pokretaci\/","name":"Pokreta\u010di - CRP","isPartOf":{"@id":"https:\/\/crp.rs\/#website"},"primaryImageOfPage":{"@id":"https:\/\/crp.rs\/index.php\/pokretaci\/#primaryimage"},"image":{"@id":"https:\/\/crp.rs\/index.php\/pokretaci\/#primaryimage"},"thumbnailUrl":"https:\/\/crp.rs\/wp-content\/uploads\/2025\/09\/budi-pokretac-final-1024x341.png","datePublished":"2025-08-05T13:36:16+00:00","dateModified":"2025-09-03T15:11:01+00:00","breadcrumb":{"@id":"https:\/\/crp.rs\/index.php\/pokretaci\/#breadcrumb"},"inLanguage":"sr-RS","potentialAction":[{"@type":"ReadAction","target":["https:\/\/crp.rs\/index.php\/pokretaci\/"]}]},{"@type":"ImageObject","inLanguage":"sr-RS","@id":"https:\/\/crp.rs\/index.php\/pokretaci\/#primaryimage","url":"https:\/\/crp.rs\/wp-content\/uploads\/2025\/09\/budi-pokretac-final-scaled.png","contentUrl":"https:\/\/crp.rs\/wp-content\/uploads\/2025\/09\/budi-pokretac-final-scaled.png","width":2560,"height":853},{"@type":"BreadcrumbList","@id":"https:\/\/crp.rs\/index.php\/pokretaci\/#breadcrumb","itemListElement":[{"@type":"ListItem","position":1,"name":"\u041f\u043e\u0447\u0435\u0442\u043d\u0430","item":"https:\/\/crp.rs\/"},{"@type":"ListItem","position":2,"name":"Pokreta\u010di"}]},{"@type":"WebSite","@id":"https:\/\/crp.rs\/#website","url":"https:\/\/crp.rs\/","name":"CRP","description":"Centar za Razvoj Pomoravlja","publisher":{"@id":"https:\/\/crp.rs\/#organization"},"potentialAction":[{"@type":"SearchAction","target":{"@type":"EntryPoint","urlTemplate":"https:\/\/crp.rs\/?s={search_term_string}"},"query-input":{"@type":"PropertyValueSpecification","valueRequired":true,"valueName":"search_term_string"}}],"inLanguage":"sr-RS"},{"@type":"Organization","@id":"https:\/\/crp.rs\/#organization","name":"CRP","url":"https:\/\/crp.rs\/","logo":{"@type":"ImageObject","inLanguage":"sr-RS","@id":"https:\/\/crp.rs\/#\/schema\/logo\/image\/","url":"https:\/\/crp.rs\/wp-content\/uploads\/2025\/09\/cropped-CRP-LOGO-SAJT.png","contentUrl":"https:\/\/crp.rs\/wp-content\/uploads\/2025\/09\/cropped-CRP-LOGO-SAJT.png","width":1667,"height":667,"caption":"CRP"},"image":{"@id":"https:\/\/crp.rs\/#\/schema\/logo\/image\/"}}]}},"_links":{"self":[{"href":"https:\/\/crp.rs\/index.php\/wp-json\/wp\/v2\/pages\/43","targetHints":{"allow":["GET"]}}],"collection":[{"href":"https:\/\/crp.rs\/index.php\/wp-json\/wp\/v2\/pages"}],"about":[{"href":"https:\/\/crp.rs\/index.php\/wp-json\/wp\/v2\/types\/page"}],"author":[{"embeddable":true,"href":"https:\/\/crp.rs\/index.php\/wp-json\/wp\/v2\/users\/1"}],"replies":[{"embeddable":true,"href":"https:\/\/crp.rs\/index.php\/wp-json\/wp\/v2\/comments?post=43"}],"version-history":[{"count":24,"href":"https:\/\/crp.rs\/index.php\/wp-json\/wp\/v2\/pages\/43\/revisions"}],"predecessor-version":[{"id":2007,"href":"https:\/\/crp.rs\/index.php\/wp-json\/wp\/v2\/pages\/43\/revisions\/2007"}],"wp:attachment":[{"href":"https:\/\/crp.rs\/index.php\/wp-json\/wp\/v2\/media?parent=43"}],"curies":[{"name":"wp","href":"https:\/\/api.w.org\/{rel}","templated":true}]}}