{"id":41,"date":"2025-08-05T13:36:16","date_gmt":"2025-08-05T13:36:16","guid":{"rendered":"https:\/\/crp.rs\/?page_id=41"},"modified":"2025-09-02T02:47:12","modified_gmt":"2025-09-02T02:47:12","slug":"zapocni-akciju","status":"publish","type":"page","link":"https:\/\/crp.rs\/index.php\/zapocni-akciju\/","title":{"rendered":"Zapo\u010dni Akciju"},"content":{"rendered":"\n<figure class=\"wp-block-image is-resized\"><img decoding=\"async\" src=\"https:\/\/crp.rs\/wp-content\/uploads\/2025\/08\/PETICIJA-HEADER-NOVA-1024x320.png\" alt=\"\u0422\u0440\u0435\u043d\u0443\u0442\u043d\u0430 \u0441\u043b\u0438\u043a\u0430 \u043d\u0435\u043c\u0430 \u0437\u0430\u043c\u0435\u043d\u0441\u043a\u0438 \u0442\u0435\u043a\u0441\u0442. \u0418\u043c\u0435 \u0434\u0430\u0442\u043e\u0442\u0435\u043a\u0435 \u0458\u0435: PETICIJA-HEADER-NOVA-scaled.png\" style=\"width:1178px;height:auto\"\/><\/figure>\n\n\n\n<h2 class=\"wp-block-heading has-text-align-center has-medium-font-size\"><strong>Veruje\u0161 da u tvojoj zajednici postoji konkretan problem koji treba re\u0161iti?<br>Popuni formular ispod i pokreni peticiju \u2013 mi \u0107emo ti pomo\u0107i savetima i podr\u0161kom tokom celog procesa.<br>Tvoja je odgovornost da vodi\u0161 peticiju, ali nisi sam\/a u tome.<\/strong><\/h2>\n\n\n\n<div id=\"wp-block-themeisle-blocks-advanced-columns-3095e88e\" class=\"wp-block-themeisle-blocks-advanced-columns has-2-columns has-desktop-twoOne-layout has-tablet-equal-layout has-mobile-collapsedRows-layout has-vertical-unset\"><div class=\"wp-block-themeisle-blocks-advanced-columns-overlay\"><\/div><div class=\"innerblocks-wrap\">\n<div id=\"wp-block-themeisle-blocks-advanced-column-4838a1b8\" class=\"wp-block-themeisle-blocks-advanced-column\">\n<p class=\"has-text-align-center\">U nastavku se nalaze klju\u010dna pitanja koja svaka peticija treba da sadr\u017ei, uz korisne savete kako da ih \u0161to bolje popuni\u0161.<\/p>\n\n\n\n<h2 class=\"wp-block-heading has-text-align-center\">Pokreni svoju Peticiju<\/h2>\n\n\n<div class=\"forminator-ui forminator-custom-form forminator-custom-form-1561 forminator-design--default  forminator_ajax\" data-forminator-render=\"0\" data-form=\"forminator-module-1561\" data-uid=\"69e0d4393a2ff\"><br\/><\/div><form\n\t\t\t\tid=\"forminator-module-1561\"\n\t\t\t\tclass=\"forminator-ui forminator-custom-form forminator-custom-form-1561 forminator-design--default  forminator_ajax\"\n\t\t\t\tmethod=\"post\"\n\t\t\t\tdata-forminator-render=\"0\"\n\t\t\t\tdata-form-id=\"1561\"\n\t\t\t\t\n\t\t\t\tdata-design=\"default\"\n\t\t\t\tdata-color-option=\"theme\"\n\t\t\t\t\n\t\t\t\t\n\t\t\t\t\n\t\t\t\tdata-grid=\"open\"\n\t\t\t\tenctype=\"multipart\/form-data\"\n\t\t\t\t\n\t\t\t\tstyle=\"display: none;\"\n\t\t\t\t\n\t\t\t\tdata-uid=\"69e0d4393a2ff\"\n\t\t\t><div role=\"alert\" aria-live=\"polite\" class=\"forminator-response-message forminator-error\" aria-hidden=\"true\"><\/div><div class=\"forminator-row\"><div id=\"name-1\" class=\"forminator-field-name forminator-col forminator-col-6 \"><div class=\"forminator-field\"><label for=\"forminator-field-name-1_69e0d4393a2ff\" id=\"forminator-field-name-1_69e0d4393a2ff-label\" class=\"forminator-label\">Ime <span class=\"forminator-required\">*<\/span><\/label><input type=\"text\" name=\"name-1\" value=\"\" placeholder=\"\" id=\"forminator-field-name-1_69e0d4393a2ff\" class=\"forminator-input forminator-name--field\" aria-required=\"true\" \/><\/div><\/div><div id=\"name-2\" class=\"forminator-field-name forminator-col forminator-col-6 \"><div class=\"forminator-field\"><label for=\"forminator-field-name-2_69e0d4393a2ff\" id=\"forminator-field-name-2_69e0d4393a2ff-label\" class=\"forminator-label\">Prezime <span class=\"forminator-required\">*<\/span><\/label><input type=\"text\" name=\"name-2\" value=\"\" placeholder=\"\" id=\"forminator-field-name-2_69e0d4393a2ff\" class=\"forminator-input forminator-name--field\" aria-required=\"true\" \/><\/div><\/div><\/div><div class=\"forminator-row\"><div id=\"email-1\" class=\"forminator-field-email forminator-col forminator-col-6 \"><div class=\"forminator-field\"><label for=\"forminator-field-email-1_69e0d4393a2ff\" id=\"forminator-field-email-1_69e0d4393a2ff-label\" class=\"forminator-label\">Email Adresa <span class=\"forminator-required\">*<\/span><\/label><input type=\"email\" name=\"email-1\" value=\"\" placeholder=\"\" id=\"forminator-field-email-1_69e0d4393a2ff\" class=\"forminator-input forminator-email--field\" data-required=\"1\" aria-required=\"true\" \/><\/div><\/div><div id=\"phone-1\" class=\"forminator-field-phone forminator-col forminator-col-6 \"><div class=\"forminator-field\"><label for=\"forminator-field-phone-1_69e0d4393a2ff\" id=\"forminator-field-phone-1_69e0d4393a2ff-label\" class=\"forminator-label\">Broj telefona<\/label><input type=\"text\" name=\"phone-1\" value=\"\" placeholder=\"\" id=\"forminator-field-phone-1_69e0d4393a2ff\" class=\"forminator-input forminator-field--phone\" data-required=\"\" aria-required=\"false\" autocomplete=\"off\" data-national_mode=\"disabled\" data-country=\"rs\" data-validation=\"international\" \/><\/div><\/div><\/div><div class=\"forminator-row\"><div id=\"address-1\" class=\"forminator-field-address forminator-col forminator-col-12 \"><div class=\"forminator-row\" data-multiple=\"false\"><div id=\"address-1-city\" class=\"forminator-col forminator-col-12\"><div class=\"forminator-field\"><label for=\"forminator-field-address-1-city_69e0d4393a2ff\" id=\"forminator-field-address-1-city_69e0d4393a2ff-label\" class=\"forminator-label\">Grad <span class=\"forminator-required\">*<\/span><\/label><input type=\"text\" name=\"address-1-city\" placeholder=\"\" id=\"forminator-field-address-1-city_69e0d4393a2ff\" class=\"forminator-input\" data-required=\"1\" aria-required=\"true\" value=\"\" \/><\/div><\/div><\/div><\/div><\/div><div class=\"forminator-row\"><div id=\"text-1\" class=\"forminator-field-text forminator-col forminator-col-12 \"><div class=\"forminator-field\"><label for=\"forminator-field-text-1_69e0d4393a2ff\" id=\"forminator-field-text-1_69e0d4393a2ff-label\" class=\"forminator-label\">\u0160ta bi Vam bio naslov peticije? (treba biti kratak, precizan i specifi\u010dan) <span class=\"forminator-required\">*<\/span><\/label><input type=\"text\" name=\"text-1\" value=\"\" placeholder=\"\" id=\"forminator-field-text-1_69e0d4393a2ff\" class=\"forminator-input forminator-name--field\" data-required=\"1\" \/><\/div><\/div><\/div><div class=\"forminator-row\"><div id=\"text-4\" class=\"forminator-field-text forminator-col forminator-col-12 \"><div class=\"forminator-field\"><label for=\"forminator-field-text-4_69e0d4393a2ff\" id=\"forminator-field-text-4_69e0d4393a2ff-label\" class=\"forminator-label\">Na koga upu\u0107ujete peticiju? (treba proveriti ko je na poziciji da izvr\u0161i promenu) <span class=\"forminator-required\">*<\/span><\/label><input type=\"text\" name=\"text-4\" value=\"\" placeholder=\"\" id=\"forminator-field-text-4_69e0d4393a2ff\" class=\"forminator-input forminator-name--field\" data-required=\"1\" \/><\/div><\/div><\/div><div class=\"forminator-row\"><div id=\"text-3\" class=\"forminator-field-text forminator-col forminator-col-12 \"><div class=\"forminator-field\"><label for=\"forminator-field-text-3_69e0d4393a2ff\" id=\"forminator-field-text-3_69e0d4393a2ff-label\" class=\"forminator-label\">Koji Vam je zahtev peticije? (treba biti sto konkretniji u jednom zahtevu) <span class=\"forminator-required\">*<\/span><\/label><input type=\"text\" name=\"text-3\" value=\"\" placeholder=\"\" id=\"forminator-field-text-3_69e0d4393a2ff\" class=\"forminator-input forminator-name--field\" data-required=\"1\" \/><\/div><\/div><\/div><div class=\"forminator-row\"><div id=\"text-2\" class=\"forminator-field-text forminator-col forminator-col-12 \"><div class=\"forminator-field\"><label for=\"forminator-field-text-2_69e0d4393a2ff\" id=\"forminator-field-text-2_69e0d4393a2ff-label\" class=\"forminator-label\">Za\u0161to je ova peticija va\u017ena? (za\u0161to bi drugi ljudi trebalo da potpi\u0161u Va\u0161u peticiju) <span class=\"forminator-required\">*<\/span><\/label><input type=\"text\" name=\"text-2\" value=\"\" placeholder=\"\" id=\"forminator-field-text-2_69e0d4393a2ff\" class=\"forminator-input forminator-name--field\" data-required=\"1\" \/><\/div><\/div><\/div><div class=\"forminator-row\"><div id=\"checkbox-1\" class=\"forminator-field-checkbox forminator-col forminator-col-12 \"><div role=\"group\" class=\"forminator-field\" aria-labelledby=\"forminator-checkbox-group-forminator-field-checkbox-1-69e0d4393a2ff-label\"><span id=\"forminator-checkbox-group-forminator-field-checkbox-1-69e0d4393a2ff-label\" class=\"forminator-label\">Da li \u017eelite da budete autor ove peticije?<\/span><label id=\"forminator-field-checkbox-1-1-69e0d4393a2ff-label\" for=\"forminator-field-checkbox-1-1-69e0d4393a2ff\" class=\"forminator-checkbox\" title=\"Da, \u017eelim da budem autor ove peticije i doprinesem re\u0161avanju problema na koji se peticija odnosi\"><input type=\"checkbox\" name=\"checkbox-1[]\" value=\"one\" id=\"forminator-field-checkbox-1-1-69e0d4393a2ff\" aria-labelledby=\"forminator-field-checkbox-1-1-69e0d4393a2ff-label\" data-calculation=\"0\"   data-hidden-behavior=\"zero\"\/><span class=\"forminator-checkbox-box\" aria-hidden=\"true\"><\/span><span class=\"forminator-checkbox-label\">Da, \u017eelim da budem autor ove peticije i doprinesem re\u0161avanju problema na koji se peticija odnosi<\/span><\/label><\/div><\/div><\/div><div class=\"forminator-row\"><div id=\"upload-1\" class=\"forminator-field-upload forminator-col forminator-col-12 \"><div class=\"forminator-field\"><label for=\"forminator-field-upload-1_69e0d4393a2ff\" id=\"forminator-field-upload-1_69e0d4393a2ff-label\" class=\"forminator-label\">Dodajte sliku za Va\u0161u peticiju<\/label><div class=\"forminator-file-upload \" data-element=\"upload-1_69e0d4393a2ff\"><input type=\"file\" name=\"upload-1\" id=\"forminator-field-upload-1_69e0d4393a2ff\" class=\"forminator-input-file\" accept=\".jpg,.jpeg,.jpe,.gif,.png,.bmp,.tiff,.tif,.webp,.avif,.ico,.heic,.heif,.heics,.heifs,.asf,.asx,.wmv,.wmx,.wm,.avi,.divx,.flv,.mov,.qt,.mpeg,.mpg,.mpe,.mp4,.m4v,.ogv,.webm,.mkv,.3gp,.3gpp,.3g2,.3gp2,.txt,.asc,.c,.cc,.h,.srt,.csv,.tsv,.ics,.rtx,.vtt,.mp3,.m4a,.m4b,.aac,.ra,.ram,.wav,.x-wav,.ogg,.oga,.flac,.mid,.midi,.wma,.wax,.mka,.rtf,.pdf,.class,.tar,.zip,.gz,.gzip,.7z,.psd,.xcf,.doc,.pot,.pps,.ppt,.wri,.xla,.xls,.xlt,.xlw,.mdb,.mpp,.docx,.docm,.dotx,.dotm,.xlsx,.xlsm,.xlsb,.xltx,.xltm,.xlam,.pptx,.pptm,.ppsx,.ppsm,.potx,.potm,.ppam,.sldx,.sldm,.onetoc,.onetoc2,.onetmp,.onepkg,.oxps,.xps,.odt,.odp,.ods,.odg,.odc,.odb,.odf,.wp,.wpd,.key,.numbers,.pages,.json,.lottie,.svgz\" tabindex=\"-1\"><button id=\"forminator-field-upload-1_69e0d4393a2ff_button\" class=\"forminator-button forminator-button-upload\" data-id=\"forminator-field-upload-1_69e0d4393a2ff\">Odaberite Datoteku<\/button><span data-empty-text=\"datoteka nije odabrana\">datoteka nije odabrana<\/span><button class=\"forminator-button-delete\" style=\"display: none;\"><i class=\"forminator-icon-close\" aria-hidden=\"true\"><\/i><span class=\"forminator-screen-reader-only\">Delete uploaded file<\/span><\/button><\/div><\/div><\/div><\/div><div class=\"forminator-row\"><div id=\"captcha-1\" class=\"forminator-field-captcha forminator-col forminator-col-12 \"><div class=\"forminator-captcha-left forminator-g-recaptcha recaptcha-invisible\" data-theme=\"light\" data-badge=\"bottomright\" data-sitekey=\"6LdM-ZsrAAAAAC9hOJGrVWqvxNnmDD7IuX4eHsRr\" data-size=\"invisible\"><\/div> <\/div><\/div><input type=\"hidden\" name=\"referer_url\" value=\"\" \/><div class=\"forminator-row forminator-row-last\"><div class=\"forminator-col\"><div class=\"forminator-field\"><button class=\"forminator-button forminator-button-submit\">Pokreni Peticiju<\/button><\/div><\/div><\/div><input type=\"hidden\" id=\"forminator_nonce\" name=\"forminator_nonce\" value=\"b3d9f5b3f8\" \/><input type=\"hidden\" name=\"_wp_http_referer\" value=\"\/index.php\/wp-json\/wp\/v2\/pages\/41\" \/><input type=\"hidden\" name=\"form_id\" value=\"1561\"><input type=\"hidden\" name=\"page_id\" value=\"41\"><input type=\"hidden\" name=\"form_type\" value=\"default\"><input type=\"hidden\" name=\"current_url\" value=\"https:\/\/crp.rs\/index.php\/zapocni-akciju\/\"><input type=\"hidden\" name=\"render_id\" value=\"0\"><input type=\"hidden\" name=\"action\" value=\"forminator_submit_form_custom-forms\"><\/form>\n<\/div>\n\n\n\n<div id=\"wp-block-themeisle-blocks-advanced-column-b692fc77\" class=\"wp-block-themeisle-blocks-advanced-column\">\n<h2 class=\"wp-block-heading has-text-align-center\">Aktivne Peticije<\/h2>\n\n\n<div class=\"petition-sidebar\">            <div class=\"petition-card\" style=\"text-align:left;\">\n                                    <img decoding=\"async\" src=\"https:\/\/crp.rs\/wp-content\/uploads\/2026\/04\/Deponija.jpg\" alt=\"PETICIJA ZA UKLANJANJE NELEGALNE DEPONIJE NA PROSTORU STARE STO\u010cNE PIJACE U \u0106UPRIJI\" class=\"petition-img\">\n                \n                <h3 class=\"petition-title\">PETICIJA ZA UKLANJANJE NELEGALNE DEPONIJE NA PROSTORU STARE STO\u010cNE PIJACE U \u0106UPRIJI<\/h3>\n\n                <div class=\"progress-bar\">\n                    <div class=\"progress-fill\" style=\"width: 71%;\"><\/div>\n                <\/div>\n                <p>141 \/ 200 potpisa<\/p>\n\n                <a href=\"https:\/\/crp.rs\/index.php\/petitions\/peticija-za-uklanjanje-nelegalne-deponije-na-prostoru-stare-stocne-pijace-u-cupriji\/\" class=\"support-btn\">\n                    Podr\u017ei Peticiju\n                <\/a>\n            <\/div>\n                    <div class=\"petition-card\" style=\"text-align:left;\">\n                                    <img decoding=\"async\" src=\"https:\/\/crp.rs\/wp-content\/uploads\/2025\/09\/Resavski-park-1024-x-576-px.jpg\" alt=\"Uredimo Resavski park u Svilajncu!\" class=\"petition-img\">\n                \n                <h3 class=\"petition-title\">Uredimo Resavski park u Svilajncu!<\/h3>\n\n                <div class=\"progress-bar\">\n                    <div class=\"progress-fill\" style=\"width: 74%;\"><\/div>\n                <\/div>\n                <p>223 \/ 300 potpisa<\/p>\n\n                <a href=\"https:\/\/crp.rs\/index.php\/petitions\/uredimo-resavski-park-u-svilajncu\/\" class=\"support-btn\">\n                    Podr\u017ei Peticiju\n                <\/a>\n            <\/div>\n                    <div class=\"petition-card\" style=\"text-align:left;\">\n                                    <img decoding=\"async\" src=\"https:\/\/crp.rs\/wp-content\/uploads\/2025\/08\/slika-peticije3.jpg\" alt=\"INICIJATIVA ZA UKIDANJE FINANSIRANJA TV POMORAVLJA I PORTALA \u0106UPRIJA NET IZ BUD\u017dETA OP\u0160TINE \u0106UPRIJA\" class=\"petition-img\">\n                \n                <h3 class=\"petition-title\">INICIJATIVA ZA UKIDANJE FINANSIRANJA TV POMORAVLJA I PORTALA \u0106UPRIJA NET IZ BUD\u017dETA OP\u0160TINE \u0106UPRIJA<\/h3>\n\n                <div class=\"progress-bar\">\n                    <div class=\"progress-fill\" style=\"width: 71%;\"><\/div>\n                <\/div>\n                <p>214 \/ 300 potpisa<\/p>\n\n                <a href=\"https:\/\/crp.rs\/index.php\/petitions\/inicijativa-za-ukidanje-finansiranja-tv-pomoravlja-i-portala-cuprija-net-iz-budzeta-opstine-cuprija\/\" class=\"support-btn\">\n                    Podr\u017ei Peticiju\n                <\/a>\n            <\/div>\n        <\/div>\n\n\n<style>.wp-block-kadence-advancedbtn.kb-btns41_1acdf2-e1{gap:var(--global-kb-gap-xs, 0.5rem );justify-content:center;align-items:center;}.kt-btns41_1acdf2-e1 .kt-button{font-weight:normal;font-style:normal;}.kt-btns41_1acdf2-e1 .kt-btn-wrap-0{margin-right:5px;}.wp-block-kadence-advancedbtn.kt-btns41_1acdf2-e1 .kt-btn-wrap-0 .kt-button{color:#555555;border-color:#555555;}.wp-block-kadence-advancedbtn.kt-btns41_1acdf2-e1 .kt-btn-wrap-0 .kt-button:hover, .wp-block-kadence-advancedbtn.kt-btns41_1acdf2-e1 .kt-btn-wrap-0 .kt-button:focus{color:#ffffff;border-color:#444444;}.wp-block-kadence-advancedbtn.kt-btns41_1acdf2-e1 .kt-btn-wrap-0 .kt-button::before{display:none;}.wp-block-kadence-advancedbtn.kt-btns41_1acdf2-e1 .kt-btn-wrap-0 .kt-button:hover, .wp-block-kadence-advancedbtn.kt-btns41_1acdf2-e1 .kt-btn-wrap-0 .kt-button:focus{background:#444444;}<\/style>\n<div class=\"wp-block-kadence-advancedbtn kb-buttons-wrap kb-btns41_1acdf2-e1\"><style>ul.menu .wp-block-kadence-advancedbtn .kb-btn41_e23b0b-83.kb-button{width:initial;}.wp-block-kadence-advancedbtn .kb-btn41_e23b0b-83.kb-button{margin-top:var(--global-kb-spacing-xs, 1rem);}<\/style><a class=\"kb-button kt-button button kb-btn41_e23b0b-83 kt-btn-size-standard kt-btn-width-type-auto kb-btn-global-fill kt-btn-has-text-true kt-btn-has-svg-false  wp-block-kadence-singlebtn\" href=\"\/index.php\/aktivne-peticije\/\"><span class=\"kt-btn-inner-text\">Pregled Aktivnih Peticija<\/span><\/a><\/div>\n<\/div>\n<\/div><\/div>\n","protected":false},"excerpt":{"rendered":"<p>Veruje\u0161 da u tvojoj zajednici postoji konkretan problem koji treba re\u0161iti?Popuni formular ispod i pokreni peticiju \u2013 mi \u0107emo ti pomo\u0107i savetima i podr\u0161kom tokom celog procesa.Tvoja je odgovornost da vodi\u0161 peticiju, ali nisi sam\/a u tome.<\/p>\n","protected":false},"author":1,"featured_media":1963,"parent":0,"menu_order":0,"comment_status":"closed","ping_status":"closed","template":"","meta":{"_acf_changed":false,"_themeisle_gutenberg_block_has_review":false,"_kadence_starter_templates_imported_post":false,"_kad_post_transparent":"","_kad_post_title":"","_kad_post_layout":"","_kad_post_sidebar_id":"","_kad_post_content_style":"","_kad_post_vertical_padding":"","_kad_post_feature":"","_kad_post_feature_position":"","_kad_post_header":false,"_kad_post_footer":false,"footnotes":""},"class_list":["post-41","page","type-page","status-publish","has-post-thumbnail","hentry"],"acf":[],"yoast_head":"<!-- This site is optimized with the Yoast SEO plugin v25.8 - https:\/\/yoast.com\/wordpress\/plugins\/seo\/ -->\n<title>Zapo\u010dni Akciju - CRP<\/title>\n<meta name=\"robots\" content=\"index, follow, max-snippet:-1, max-image-preview:large, max-video-preview:-1\" \/>\n<link rel=\"canonical\" href=\"https:\/\/crp.rs\/index.php\/zapocni-akciju\/\" \/>\n<meta property=\"og:locale\" content=\"sr_RS\" \/>\n<meta property=\"og:type\" content=\"article\" \/>\n<meta property=\"og:title\" content=\"Zapo\u010dni Akciju - CRP\" \/>\n<meta property=\"og:description\" content=\"Veruje\u0161 da u tvojoj zajednici postoji konkretan problem koji treba re\u0161iti?Popuni formular ispod i pokreni peticiju \u2013 mi \u0107emo ti pomo\u0107i savetima i podr\u0161kom tokom celog procesa.Tvoja je odgovornost da vodi\u0161 peticiju, ali nisi sam\/a u tome.\" \/>\n<meta property=\"og:url\" content=\"https:\/\/crp.rs\/index.php\/zapocni-akciju\/\" \/>\n<meta property=\"og:site_name\" content=\"CRP\" \/>\n<meta property=\"article:modified_time\" content=\"2025-09-02T02:47:12+00:00\" \/>\n<meta property=\"og:image\" content=\"https:\/\/crp.rs\/wp-content\/uploads\/2025\/08\/PETICIJA-HEADER-NOVA-scaled.png\" \/>\n\t<meta property=\"og:image:width\" content=\"2560\" \/>\n\t<meta property=\"og:image:height\" content=\"800\" \/>\n\t<meta property=\"og:image:type\" content=\"image\/png\" \/>\n<meta name=\"twitter:card\" content=\"summary_large_image\" \/>\n<meta name=\"twitter:label1\" content=\"\u041f\u0440\u043e\u0446\u0435\u045a\u0435\u043d\u043e \u0432\u0440\u0435\u043c\u0435 \u0447\u0438\u0442\u0430\u045a\u0430\" \/>\n\t<meta name=\"twitter:data1\" content=\"1 \u043c\u0438\u043d\u0443\u0442\" \/>\n<script type=\"application\/ld+json\" class=\"yoast-schema-graph\">{\"@context\":\"https:\/\/schema.org\",\"@graph\":[{\"@type\":\"WebPage\",\"@id\":\"https:\/\/crp.rs\/index.php\/zapocni-akciju\/\",\"url\":\"https:\/\/crp.rs\/index.php\/zapocni-akciju\/\",\"name\":\"Zapo\u010dni Akciju - CRP\",\"isPartOf\":{\"@id\":\"https:\/\/crp.rs\/#website\"},\"primaryImageOfPage\":{\"@id\":\"https:\/\/crp.rs\/index.php\/zapocni-akciju\/#primaryimage\"},\"image\":{\"@id\":\"https:\/\/crp.rs\/index.php\/zapocni-akciju\/#primaryimage\"},\"thumbnailUrl\":\"https:\/\/crp.rs\/wp-content\/uploads\/2025\/08\/PETICIJA-HEADER-NOVA-scaled.png\",\"datePublished\":\"2025-08-05T13:36:16+00:00\",\"dateModified\":\"2025-09-02T02:47:12+00:00\",\"breadcrumb\":{\"@id\":\"https:\/\/crp.rs\/index.php\/zapocni-akciju\/#breadcrumb\"},\"inLanguage\":\"sr-RS\",\"potentialAction\":[{\"@type\":\"ReadAction\",\"target\":[\"https:\/\/crp.rs\/index.php\/zapocni-akciju\/\"]}]},{\"@type\":\"ImageObject\",\"inLanguage\":\"sr-RS\",\"@id\":\"https:\/\/crp.rs\/index.php\/zapocni-akciju\/#primaryimage\",\"url\":\"https:\/\/crp.rs\/wp-content\/uploads\/2025\/08\/PETICIJA-HEADER-NOVA-scaled.png\",\"contentUrl\":\"https:\/\/crp.rs\/wp-content\/uploads\/2025\/08\/PETICIJA-HEADER-NOVA-scaled.png\",\"width\":2560,\"height\":800},{\"@type\":\"BreadcrumbList\",\"@id\":\"https:\/\/crp.rs\/index.php\/zapocni-akciju\/#breadcrumb\",\"itemListElement\":[{\"@type\":\"ListItem\",\"position\":1,\"name\":\"\u041f\u043e\u0447\u0435\u0442\u043d\u0430\",\"item\":\"https:\/\/crp.rs\/\"},{\"@type\":\"ListItem\",\"position\":2,\"name\":\"Zapo\u010dni Akciju\"}]},{\"@type\":\"WebSite\",\"@id\":\"https:\/\/crp.rs\/#website\",\"url\":\"https:\/\/crp.rs\/\",\"name\":\"CRP\",\"description\":\"Centar za Razvoj Pomoravlja\",\"publisher\":{\"@id\":\"https:\/\/crp.rs\/#organization\"},\"potentialAction\":[{\"@type\":\"SearchAction\",\"target\":{\"@type\":\"EntryPoint\",\"urlTemplate\":\"https:\/\/crp.rs\/?s={search_term_string}\"},\"query-input\":{\"@type\":\"PropertyValueSpecification\",\"valueRequired\":true,\"valueName\":\"search_term_string\"}}],\"inLanguage\":\"sr-RS\"},{\"@type\":\"Organization\",\"@id\":\"https:\/\/crp.rs\/#organization\",\"name\":\"CRP\",\"url\":\"https:\/\/crp.rs\/\",\"logo\":{\"@type\":\"ImageObject\",\"inLanguage\":\"sr-RS\",\"@id\":\"https:\/\/crp.rs\/#\/schema\/logo\/image\/\",\"url\":\"https:\/\/crp.rs\/wp-content\/uploads\/2025\/09\/cropped-CRP-LOGO-SAJT.png\",\"contentUrl\":\"https:\/\/crp.rs\/wp-content\/uploads\/2025\/09\/cropped-CRP-LOGO-SAJT.png\",\"width\":1667,\"height\":667,\"caption\":\"CRP\"},\"image\":{\"@id\":\"https:\/\/crp.rs\/#\/schema\/logo\/image\/\"}}]}<\/script>\n<!-- \/ Yoast SEO plugin. -->","yoast_head_json":{"title":"Zapo\u010dni Akciju - CRP","robots":{"index":"index","follow":"follow","max-snippet":"max-snippet:-1","max-image-preview":"max-image-preview:large","max-video-preview":"max-video-preview:-1"},"canonical":"https:\/\/crp.rs\/index.php\/zapocni-akciju\/","og_locale":"sr_RS","og_type":"article","og_title":"Zapo\u010dni Akciju - CRP","og_description":"Veruje\u0161 da u tvojoj zajednici postoji konkretan problem koji treba re\u0161iti?Popuni formular ispod i pokreni peticiju \u2013 mi \u0107emo ti pomo\u0107i savetima i podr\u0161kom tokom celog procesa.Tvoja je odgovornost da vodi\u0161 peticiju, ali nisi sam\/a u tome.","og_url":"https:\/\/crp.rs\/index.php\/zapocni-akciju\/","og_site_name":"CRP","article_modified_time":"2025-09-02T02:47:12+00:00","og_image":[{"width":2560,"height":800,"url":"https:\/\/crp.rs\/wp-content\/uploads\/2025\/08\/PETICIJA-HEADER-NOVA-scaled.png","type":"image\/png"}],"twitter_card":"summary_large_image","twitter_misc":{"\u041f\u0440\u043e\u0446\u0435\u045a\u0435\u043d\u043e \u0432\u0440\u0435\u043c\u0435 \u0447\u0438\u0442\u0430\u045a\u0430":"1 \u043c\u0438\u043d\u0443\u0442"},"schema":{"@context":"https:\/\/schema.org","@graph":[{"@type":"WebPage","@id":"https:\/\/crp.rs\/index.php\/zapocni-akciju\/","url":"https:\/\/crp.rs\/index.php\/zapocni-akciju\/","name":"Zapo\u010dni Akciju - CRP","isPartOf":{"@id":"https:\/\/crp.rs\/#website"},"primaryImageOfPage":{"@id":"https:\/\/crp.rs\/index.php\/zapocni-akciju\/#primaryimage"},"image":{"@id":"https:\/\/crp.rs\/index.php\/zapocni-akciju\/#primaryimage"},"thumbnailUrl":"https:\/\/crp.rs\/wp-content\/uploads\/2025\/08\/PETICIJA-HEADER-NOVA-scaled.png","datePublished":"2025-08-05T13:36:16+00:00","dateModified":"2025-09-02T02:47:12+00:00","breadcrumb":{"@id":"https:\/\/crp.rs\/index.php\/zapocni-akciju\/#breadcrumb"},"inLanguage":"sr-RS","potentialAction":[{"@type":"ReadAction","target":["https:\/\/crp.rs\/index.php\/zapocni-akciju\/"]}]},{"@type":"ImageObject","inLanguage":"sr-RS","@id":"https:\/\/crp.rs\/index.php\/zapocni-akciju\/#primaryimage","url":"https:\/\/crp.rs\/wp-content\/uploads\/2025\/08\/PETICIJA-HEADER-NOVA-scaled.png","contentUrl":"https:\/\/crp.rs\/wp-content\/uploads\/2025\/08\/PETICIJA-HEADER-NOVA-scaled.png","width":2560,"height":800},{"@type":"BreadcrumbList","@id":"https:\/\/crp.rs\/index.php\/zapocni-akciju\/#breadcrumb","itemListElement":[{"@type":"ListItem","position":1,"name":"\u041f\u043e\u0447\u0435\u0442\u043d\u0430","item":"https:\/\/crp.rs\/"},{"@type":"ListItem","position":2,"name":"Zapo\u010dni Akciju"}]},{"@type":"WebSite","@id":"https:\/\/crp.rs\/#website","url":"https:\/\/crp.rs\/","name":"CRP","description":"Centar za Razvoj Pomoravlja","publisher":{"@id":"https:\/\/crp.rs\/#organization"},"potentialAction":[{"@type":"SearchAction","target":{"@type":"EntryPoint","urlTemplate":"https:\/\/crp.rs\/?s={search_term_string}"},"query-input":{"@type":"PropertyValueSpecification","valueRequired":true,"valueName":"search_term_string"}}],"inLanguage":"sr-RS"},{"@type":"Organization","@id":"https:\/\/crp.rs\/#organization","name":"CRP","url":"https:\/\/crp.rs\/","logo":{"@type":"ImageObject","inLanguage":"sr-RS","@id":"https:\/\/crp.rs\/#\/schema\/logo\/image\/","url":"https:\/\/crp.rs\/wp-content\/uploads\/2025\/09\/cropped-CRP-LOGO-SAJT.png","contentUrl":"https:\/\/crp.rs\/wp-content\/uploads\/2025\/09\/cropped-CRP-LOGO-SAJT.png","width":1667,"height":667,"caption":"CRP"},"image":{"@id":"https:\/\/crp.rs\/#\/schema\/logo\/image\/"}}]}},"_links":{"self":[{"href":"https:\/\/crp.rs\/index.php\/wp-json\/wp\/v2\/pages\/41","targetHints":{"allow":["GET"]}}],"collection":[{"href":"https:\/\/crp.rs\/index.php\/wp-json\/wp\/v2\/pages"}],"about":[{"href":"https:\/\/crp.rs\/index.php\/wp-json\/wp\/v2\/types\/page"}],"author":[{"embeddable":true,"href":"https:\/\/crp.rs\/index.php\/wp-json\/wp\/v2\/users\/1"}],"replies":[{"embeddable":true,"href":"https:\/\/crp.rs\/index.php\/wp-json\/wp\/v2\/comments?post=41"}],"version-history":[{"count":21,"href":"https:\/\/crp.rs\/index.php\/wp-json\/wp\/v2\/pages\/41\/revisions"}],"predecessor-version":[{"id":1984,"href":"https:\/\/crp.rs\/index.php\/wp-json\/wp\/v2\/pages\/41\/revisions\/1984"}],"wp:featuredmedia":[{"embeddable":true,"href":"https:\/\/crp.rs\/index.php\/wp-json\/wp\/v2\/media\/1963"}],"wp:attachment":[{"href":"https:\/\/crp.rs\/index.php\/wp-json\/wp\/v2\/media?parent=41"}],"curies":[{"name":"wp","href":"https:\/\/api.w.org\/{rel}","templated":true}]}}