{"id":1809,"date":"2025-08-20T00:45:05","date_gmt":"2025-08-20T00:45:05","guid":{"rendered":"https:\/\/crp.rs\/?page_id=1809"},"modified":"2025-08-26T17:17:49","modified_gmt":"2025-08-26T17:17:49","slug":"uslovi-uplate-donacije","status":"publish","type":"page","link":"https:\/\/crp.rs\/index.php\/uslovi-uplate-donacije\/","title":{"rendered":"Uslovi uplate donacije"},"content":{"rendered":"\n<h1 class=\"wp-block-heading\"><strong>VA\u017dNE INFORMACIJE O OP\u0160TIM USLOVIMA DONACIJA<\/strong><\/h1>\n\n\n\n<p><strong>Donacije<\/strong><\/p>\n\n\n\n<p>Poslovanje CRPa kao udru\u017eenja gra\u0111ana, stranice&nbsp;<strong><a href=\"https:\/\/crp.rs\">https:\/\/crp.rs<\/a><\/strong> &nbsp;kao i sva ostala pitanja u vezi sa tim, regulisani su zakonima Republike Srbije. Za sve eventualne sporove, nadle\u017eni su sudovi Republike Srbije.<\/p>\n\n\n\n<p><strong>1.1 Donatori<\/strong><\/p>\n\n\n\n<p>Uplate donacija mogu izvr\u0161iti sva zainteresovana lica sa prebivali\u0161tem u Srbiji ili inostranstvu.<\/p>\n\n\n\n<p><strong>1.2 Doniranje<\/strong><\/p>\n\n\n\n<p>Donator je saglasan da nov\u010dana sredstva koja uplati na ime donacije bezuslovno pre\u0111u u svojinu CRPa, te da se mogu koristiti za potrebe realizovanja vizije i misije CRPa, kao i odgovaraju\u0107ih programa koji su opisani\u00a0<a href=\"https:\/\/crp.rs\/index.php\/o-nama\/\"><strong>https:\/\/<\/strong>crp.rs\/o-nama\u00a0<\/a><\/p>\n\n\n\n<p><strong>1.2.1 Vrste donacija<\/strong><\/p>\n\n\n\n<p>Donator mo\u017ee uplatiti jednokratnu ili mese\u010dnu donaciju.<\/p>\n\n\n\n<p>Jednokratna donacija podrazumeva opredeljenje donatora za jedan od ponu\u0111enih iznosa ili iznos koji donator sam odredi za jednokratnu uplatu.<\/p>\n\n\n\n<p>Mese\u010dna donacija podrazumeva opredeljenje donatora za jedan od ponu\u0111enih iznosa koji \u0107e se obnavljati svakog meseca dok donator ne obustavi pla\u0107anje. Donator u svakom trenutku mo\u017ee otkazati mese\u010dnu donaciju.<\/p>\n\n\n\n<p><strong>1.3.1 Uno\u0161enje iznosa donacije<\/strong><\/p>\n\n\n\n<p>Sva pla\u0107anja bi\u0107e izvr\u0161ena u valuti Republike Srbije \u2013 dinar (RSD).<\/p>\n\n\n\n<p><strong>1.4 Za\u0161tita poverljivih podataka o transakciji<\/strong><\/p>\n\n\n\n<p>CRP nema pristup podacima sa platne kartice ni u jednoj fazi izvr\u0161enja transakcije.&nbsp;<\/p>\n\n\n\n<p><strong>1.5. Reklamacije<\/strong><\/p>\n\n\n\n<p>CRP ne preuzima nikakvu odgovornost za nastale gre\u0161ke donatora koje se mogu desiti prilikom postupka davanja donacije. Ukoliko nastane problem ili bilo kakva nepravilnost prilikom slanja same donacije, CRP preporu\u010duje da se donator odmah, a najkasnije u roku od 3 radna dana od nastanka donacije obrati CRPu, kako bi se u najkra\u0107em roku prepoznali i otklonili eventualni problemi ili nepravilnosti nastali tokom transakcije.<\/p>\n\n\n\n<p>U slu\u010daju nastanka eventualnih nedoumica i\/ili problema u vezi sa doniranjem, donator mo\u017ee poslati pitanje na email adresu: <a href=\"mailto:office@crp.rs\">office@crp.rs<\/a><\/p>\n\n\n\n<p><strong>1.6. Povra\u0107aj donacije<\/strong><\/p>\n\n\n\n<p>Povra\u0107aj donacije je mogu\u0107 u slu\u010daju da je uplata izvr\u0161ena zloupotrebom platne kartice od strane tre\u0107ih lica.<\/p>\n\n\n\n<p>U slu\u010dajevima predvi\u0111enim za povra\u0107aj donacije, potrebno je podneti skenirani pisani i obrazlo\u017eeni zahtev za povra\u0107aj upla\u0107enog iznosa, u slobodnoj formi i potpisan od strane vlasnika platne kartice, i to u roku od 30 dana od izvr\u0161ene uplate donacije, na elektronsku adresu&nbsp;<a href=\"mailto:office@crp.rs\"><strong>office@crp.rs<\/strong><\/a>&nbsp;ili po\u0161tom na adresu&nbsp;Kralja Petra I oslobodioca 133, 35230 \u0106uprija. Uz zahtev je neophodno dostaviti i email sa potvrdom o izvr\u0161enoj transakciji, o\u010ditanu li\u010dnu kartu vlasnika kartice i kontakt telefon.<\/p>\n\n\n\n<p>Donator \u0107e biti kontaktiran od strane CRPa u roku od 15 radnih dana od prijema kompletnog zahteva za storniranje transakcije. Storniranje transakcije i refundacija\/povra\u0107aj sredstava je mogu\u0107a isklju\u010divo na platni ra\u010dun za koji je vezana kartica kojom je transakcija izvr\u0161ena.<\/p>\n\n\n\n<p>U slu\u010daju povra\u0107aja donacije, donator ne\u0107e snositi nikakve tro\u0161kove povra\u0107aja.<\/p>\n\n\n\n<p><strong>1.7 Dodatni tro\u0161kovi obrade donacije i PDV<\/strong><\/p>\n\n\n\n<p>Na donacije se ne obra\u010dunava PDV i nema dodatnih i skrivenih tro\u0161kova.<\/p>\n\n\n\n<p>CRP nije u sistemu PDV-a.<\/p>\n\n\n\n<p><strong>2. Za\u0161tita privatnosti<\/strong><\/p>\n\n\n\n<p>Svi podaci o donatorima se \u010duvaju u skladu sa va\u017ee\u0107im zakonskim okvirom Srbije.&nbsp;<\/p>\n\n\n\n<p>2.1&nbsp;<strong>Osnovni podaci o CRP:<\/strong><\/p>\n\n\n\n<p>Naziv pravnog lica: Centar za razvoj Pomoravlja (CRP)<\/p>\n\n\n\n<p>Adresa:&nbsp;Kralja Petra I Oslobodioca 133, 35230 \u0106uprija<\/p>\n\n\n\n<p>Mati\u010dni broj: 28365250<\/p>\n\n\n\n<p>PIB: 113861284<\/p>\n\n\n\n<p>Prete\u017ena delatnost: 9499 (delatnost ostalih organizacija na bazi u\u010dlanjenja)<\/p>\n\n\n\n<p>Kontakt telefon: +381 65 8513823<\/p>\n\n\n\n<p>Kontakt email:&nbsp;<a href=\"mailto:office@crp.rs\">office@crp.rs<\/a><\/p>\n\n\n\n<p><strong>3. Va\u017eenje i izmene uslova kori\u0161\u0107enja<\/strong><\/p>\n\n\n\n<p>U pogledu donacija se primenjuju Uslovi kori\u0161\u0107enja koji su bili va\u017ee\u0107i na dan izvr\u0161enja donacije. CRP zadr\u017eava pravo da u bilo koje doba izvr\u0161i izmenu Uslova kori\u0161\u0107enja. Uslovi kori\u0161\u0107enja stupaju na snagu danom objavljivanja na sajtu\u00a0<strong>https:\/\/crp.rs\u00a0<\/strong><\/p>\n\n\n\n<p><strong>4. Politika privatnosti<\/strong><\/p>\n\n\n\n<p>Podaci donatora se koriste za obradu transakcija i uz saglasnost donatora, informisanje o aktivnostima koje sprovodi CRP. Svi podaci o donatorima se strogo \u010duvaju i dostupni su samo zaposlenima kojima su podaci nu\u017eni za obavljanje posla. Svi zaposleni CRPa su odgovorni za po\u0161tovanje na\u010dela za\u0161tite privatnosti.<\/p>\n\n\n\n<p><strong>5. Kola\u010di\u0107 (cookie)<\/strong><\/p>\n\n\n\n<p>Kola\u010di\u0107 (cookie) je informacija sa\u010duvana na ra\u010dunaru od strane internet stranice koju poseti posetilac. Kola\u010di\u0107i obi\u010dno \u010duvaju pode\u0161avanja, postavke za internet stranicu, kao \u0161to su preferirani jezik ili adresa. Kasnije, kada posetilac ponovo otvori istu internet stranicu internet pregleda\u010d \u0161alje natrag kola\u010di\u0107e koji pripadaju toj stranici. Ovo omogu\u0107ava stranici da prepozna ponovnog posetioca i prika\u017ee informacije prilago\u0111ene potrebama posetioca. Ukoliko posetioci web sajta ne \u017eele da web sajt Crte ima pristup kola\u010di\u0107ima, oni se mogu blokirati. Ve\u0107ina web browsera omogu\u0107ava blokiranje kola\u010di\u0107a. Posetioci\/donatori to mogu uraditi putem Pode\u0161avanja svog web browsera.<\/p>\n","protected":false},"excerpt":{"rendered":"<p>VA\u017dNE INFORMACIJE O OP\u0160TIM USLOVIMA DONACIJA Donacije Poslovanje CRPa kao udru\u017eenja gra\u0111ana, stranice&nbsp;https:\/\/crp.rs &nbsp;kao i sva ostala pitanja u vezi sa tim, regulisani su zakonima Republike Srbije. Za sve eventualne sporove, nadle\u017eni su sudovi Republike Srbije. 1.1 Donatori Uplate donacija mogu izvr\u0161iti sva zainteresovana lica sa prebivali\u0161tem u Srbiji ili inostranstvu. 1.2 Doniranje Donator je&#8230;<\/p>\n","protected":false},"author":1,"featured_media":0,"parent":0,"menu_order":0,"comment_status":"closed","ping_status":"closed","template":"","meta":{"_acf_changed":false,"_themeisle_gutenberg_block_has_review":false,"_kadence_starter_templates_imported_post":false,"_kad_post_transparent":"","_kad_post_title":"","_kad_post_layout":"","_kad_post_sidebar_id":"","_kad_post_content_style":"","_kad_post_vertical_padding":"","_kad_post_feature":"","_kad_post_feature_position":"","_kad_post_header":false,"_kad_post_footer":false,"footnotes":""},"class_list":["post-1809","page","type-page","status-publish","hentry"],"acf":[],"yoast_head":"<!-- This site is optimized with the Yoast SEO plugin v25.8 - https:\/\/yoast.com\/wordpress\/plugins\/seo\/ -->\n<title>Uslovi uplate donacije - CRP<\/title>\n<meta name=\"robots\" content=\"index, follow, max-snippet:-1, max-image-preview:large, max-video-preview:-1\" \/>\n<link rel=\"canonical\" href=\"https:\/\/crp.rs\/index.php\/uslovi-uplate-donacije\/\" \/>\n<meta property=\"og:locale\" content=\"sr_RS\" \/>\n<meta property=\"og:type\" content=\"article\" \/>\n<meta property=\"og:title\" content=\"Uslovi uplate donacije - CRP\" \/>\n<meta property=\"og:description\" content=\"VA\u017dNE INFORMACIJE O OP\u0160TIM USLOVIMA DONACIJA Donacije Poslovanje CRPa kao udru\u017eenja gra\u0111ana, stranice&nbsp;https:\/\/crp.rs &nbsp;kao i sva ostala pitanja u vezi sa tim, regulisani su zakonima Republike Srbije. Za sve eventualne sporove, nadle\u017eni su sudovi Republike Srbije. 1.1 Donatori Uplate donacija mogu izvr\u0161iti sva zainteresovana lica sa prebivali\u0161tem u Srbiji ili inostranstvu. 1.2 Doniranje Donator je...\" \/>\n<meta property=\"og:url\" content=\"https:\/\/crp.rs\/index.php\/uslovi-uplate-donacije\/\" \/>\n<meta property=\"og:site_name\" content=\"CRP\" \/>\n<meta property=\"article:modified_time\" content=\"2025-08-26T17:17:49+00:00\" \/>\n<meta name=\"twitter:card\" content=\"summary_large_image\" \/>\n<meta name=\"twitter:label1\" content=\"\u041f\u0440\u043e\u0446\u0435\u045a\u0435\u043d\u043e \u0432\u0440\u0435\u043c\u0435 \u0447\u0438\u0442\u0430\u045a\u0430\" \/>\n\t<meta name=\"twitter:data1\" content=\"4 \u043c\u0438\u043d\u0443\u0442\u0430\" \/>\n<script type=\"application\/ld+json\" class=\"yoast-schema-graph\">{\"@context\":\"https:\/\/schema.org\",\"@graph\":[{\"@type\":\"WebPage\",\"@id\":\"https:\/\/crp.rs\/index.php\/uslovi-uplate-donacije\/\",\"url\":\"https:\/\/crp.rs\/index.php\/uslovi-uplate-donacije\/\",\"name\":\"Uslovi uplate donacije - CRP\",\"isPartOf\":{\"@id\":\"https:\/\/crp.rs\/#website\"},\"datePublished\":\"2025-08-20T00:45:05+00:00\",\"dateModified\":\"2025-08-26T17:17:49+00:00\",\"breadcrumb\":{\"@id\":\"https:\/\/crp.rs\/index.php\/uslovi-uplate-donacije\/#breadcrumb\"},\"inLanguage\":\"sr-RS\",\"potentialAction\":[{\"@type\":\"ReadAction\",\"target\":[\"https:\/\/crp.rs\/index.php\/uslovi-uplate-donacije\/\"]}]},{\"@type\":\"BreadcrumbList\",\"@id\":\"https:\/\/crp.rs\/index.php\/uslovi-uplate-donacije\/#breadcrumb\",\"itemListElement\":[{\"@type\":\"ListItem\",\"position\":1,\"name\":\"\u041f\u043e\u0447\u0435\u0442\u043d\u0430\",\"item\":\"https:\/\/crp.rs\/\"},{\"@type\":\"ListItem\",\"position\":2,\"name\":\"Uslovi uplate donacije\"}]},{\"@type\":\"WebSite\",\"@id\":\"https:\/\/crp.rs\/#website\",\"url\":\"https:\/\/crp.rs\/\",\"name\":\"CRP\",\"description\":\"Centar za Razvoj Pomoravlja\",\"publisher\":{\"@id\":\"https:\/\/crp.rs\/#organization\"},\"potentialAction\":[{\"@type\":\"SearchAction\",\"target\":{\"@type\":\"EntryPoint\",\"urlTemplate\":\"https:\/\/crp.rs\/?s={search_term_string}\"},\"query-input\":{\"@type\":\"PropertyValueSpecification\",\"valueRequired\":true,\"valueName\":\"search_term_string\"}}],\"inLanguage\":\"sr-RS\"},{\"@type\":\"Organization\",\"@id\":\"https:\/\/crp.rs\/#organization\",\"name\":\"CRP\",\"url\":\"https:\/\/crp.rs\/\",\"logo\":{\"@type\":\"ImageObject\",\"inLanguage\":\"sr-RS\",\"@id\":\"https:\/\/crp.rs\/#\/schema\/logo\/image\/\",\"url\":\"https:\/\/crp.rs\/wp-content\/uploads\/2025\/09\/cropped-CRP-LOGO-SAJT.png\",\"contentUrl\":\"https:\/\/crp.rs\/wp-content\/uploads\/2025\/09\/cropped-CRP-LOGO-SAJT.png\",\"width\":1667,\"height\":667,\"caption\":\"CRP\"},\"image\":{\"@id\":\"https:\/\/crp.rs\/#\/schema\/logo\/image\/\"}}]}<\/script>\n<!-- \/ Yoast SEO plugin. -->","yoast_head_json":{"title":"Uslovi uplate donacije - CRP","robots":{"index":"index","follow":"follow","max-snippet":"max-snippet:-1","max-image-preview":"max-image-preview:large","max-video-preview":"max-video-preview:-1"},"canonical":"https:\/\/crp.rs\/index.php\/uslovi-uplate-donacije\/","og_locale":"sr_RS","og_type":"article","og_title":"Uslovi uplate donacije - CRP","og_description":"VA\u017dNE INFORMACIJE O OP\u0160TIM USLOVIMA DONACIJA Donacije Poslovanje CRPa kao udru\u017eenja gra\u0111ana, stranice&nbsp;https:\/\/crp.rs &nbsp;kao i sva ostala pitanja u vezi sa tim, regulisani su zakonima Republike Srbije. Za sve eventualne sporove, nadle\u017eni su sudovi Republike Srbije. 1.1 Donatori Uplate donacija mogu izvr\u0161iti sva zainteresovana lica sa prebivali\u0161tem u Srbiji ili inostranstvu. 1.2 Doniranje Donator je...","og_url":"https:\/\/crp.rs\/index.php\/uslovi-uplate-donacije\/","og_site_name":"CRP","article_modified_time":"2025-08-26T17:17:49+00:00","twitter_card":"summary_large_image","twitter_misc":{"\u041f\u0440\u043e\u0446\u0435\u045a\u0435\u043d\u043e \u0432\u0440\u0435\u043c\u0435 \u0447\u0438\u0442\u0430\u045a\u0430":"4 \u043c\u0438\u043d\u0443\u0442\u0430"},"schema":{"@context":"https:\/\/schema.org","@graph":[{"@type":"WebPage","@id":"https:\/\/crp.rs\/index.php\/uslovi-uplate-donacije\/","url":"https:\/\/crp.rs\/index.php\/uslovi-uplate-donacije\/","name":"Uslovi uplate donacije - CRP","isPartOf":{"@id":"https:\/\/crp.rs\/#website"},"datePublished":"2025-08-20T00:45:05+00:00","dateModified":"2025-08-26T17:17:49+00:00","breadcrumb":{"@id":"https:\/\/crp.rs\/index.php\/uslovi-uplate-donacije\/#breadcrumb"},"inLanguage":"sr-RS","potentialAction":[{"@type":"ReadAction","target":["https:\/\/crp.rs\/index.php\/uslovi-uplate-donacije\/"]}]},{"@type":"BreadcrumbList","@id":"https:\/\/crp.rs\/index.php\/uslovi-uplate-donacije\/#breadcrumb","itemListElement":[{"@type":"ListItem","position":1,"name":"\u041f\u043e\u0447\u0435\u0442\u043d\u0430","item":"https:\/\/crp.rs\/"},{"@type":"ListItem","position":2,"name":"Uslovi uplate donacije"}]},{"@type":"WebSite","@id":"https:\/\/crp.rs\/#website","url":"https:\/\/crp.rs\/","name":"CRP","description":"Centar za Razvoj Pomoravlja","publisher":{"@id":"https:\/\/crp.rs\/#organization"},"potentialAction":[{"@type":"SearchAction","target":{"@type":"EntryPoint","urlTemplate":"https:\/\/crp.rs\/?s={search_term_string}"},"query-input":{"@type":"PropertyValueSpecification","valueRequired":true,"valueName":"search_term_string"}}],"inLanguage":"sr-RS"},{"@type":"Organization","@id":"https:\/\/crp.rs\/#organization","name":"CRP","url":"https:\/\/crp.rs\/","logo":{"@type":"ImageObject","inLanguage":"sr-RS","@id":"https:\/\/crp.rs\/#\/schema\/logo\/image\/","url":"https:\/\/crp.rs\/wp-content\/uploads\/2025\/09\/cropped-CRP-LOGO-SAJT.png","contentUrl":"https:\/\/crp.rs\/wp-content\/uploads\/2025\/09\/cropped-CRP-LOGO-SAJT.png","width":1667,"height":667,"caption":"CRP"},"image":{"@id":"https:\/\/crp.rs\/#\/schema\/logo\/image\/"}}]}},"_links":{"self":[{"href":"https:\/\/crp.rs\/index.php\/wp-json\/wp\/v2\/pages\/1809","targetHints":{"allow":["GET"]}}],"collection":[{"href":"https:\/\/crp.rs\/index.php\/wp-json\/wp\/v2\/pages"}],"about":[{"href":"https:\/\/crp.rs\/index.php\/wp-json\/wp\/v2\/types\/page"}],"author":[{"embeddable":true,"href":"https:\/\/crp.rs\/index.php\/wp-json\/wp\/v2\/users\/1"}],"replies":[{"embeddable":true,"href":"https:\/\/crp.rs\/index.php\/wp-json\/wp\/v2\/comments?post=1809"}],"version-history":[{"count":3,"href":"https:\/\/crp.rs\/index.php\/wp-json\/wp\/v2\/pages\/1809\/revisions"}],"predecessor-version":[{"id":1931,"href":"https:\/\/crp.rs\/index.php\/wp-json\/wp\/v2\/pages\/1809\/revisions\/1931"}],"wp:attachment":[{"href":"https:\/\/crp.rs\/index.php\/wp-json\/wp\/v2\/media?parent=1809"}],"curies":[{"name":"wp","href":"https:\/\/api.w.org\/{rel}","templated":true}]}}