{"id":1682,"date":"2025-08-18T11:46:26","date_gmt":"2025-08-18T11:46:26","guid":{"rendered":"https:\/\/crp.rs\/?page_id=1682"},"modified":"2025-08-18T11:46:26","modified_gmt":"2025-08-18T11:46:26","slug":"aktivne-peticije","status":"publish","type":"page","link":"https:\/\/crp.rs\/index.php\/aktivne-peticije\/","title":{"rendered":"Aktivne Peticije"},"content":{"rendered":"<div class=\"petition-carousel\">            <div class=\"petition-card\">\n                                    <img decoding=\"async\" src=\"https:\/\/crp.rs\/wp-content\/uploads\/2026\/04\/Deponija.jpg\" alt=\"PETICIJA ZA UKLANJANJE NELEGALNE DEPONIJE NA PROSTORU STARE STO\u010cNE PIJACE U \u0106UPRIJI\" class=\"petition-img\">\n                \n                <h3 class=\"petition-title\">PETICIJA ZA UKLANJANJE NELEGALNE DEPONIJE NA PROSTORU STARE STO\u010cNE PIJACE U \u0106UPRIJI<\/h3>\n\n                <div class=\"progress-bar\">\n                    <div class=\"progress-fill\" style=\"width: 74%;\"><\/div>\n                <\/div>\n                <p>148 \/ 200 potpisa<\/p>\n\n                <a href=\"https:\/\/crp.rs\/index.php\/petitions\/peticija-za-uklanjanje-nelegalne-deponije-na-prostoru-stare-stocne-pijace-u-cupriji\/\" class=\"support-btn\">Podr\u017ei Peticiju<\/a>\n\n                <p style=\"margin-top:10px; font-size:14px; color:#555;\">\n                    Zahtevamo hitno uklanjanje nelegalne deponije koja se nalazi u ulici Borivoja Velimanovi\u0107a, na prostoru nekada\u0161nje sto\u010dne pijace. Ova lokacija ve\u0107 du\u017ee vreme predstavlja ozbiljan ekolo\u0161ki...                <\/p>\n            <\/div>\n                        <div class=\"petition-card\">\n                                    <img decoding=\"async\" src=\"https:\/\/crp.rs\/wp-content\/uploads\/2025\/09\/Resavski-park-1024-x-576-px.jpg\" alt=\"Uredimo Resavski park u Svilajncu!\" class=\"petition-img\">\n                \n                <h3 class=\"petition-title\">Uredimo Resavski park u Svilajncu!<\/h3>\n\n                <div class=\"progress-bar\">\n                    <div class=\"progress-fill\" style=\"width: 74%;\"><\/div>\n                <\/div>\n                <p>223 \/ 300 potpisa<\/p>\n\n                <a href=\"https:\/\/crp.rs\/index.php\/petitions\/uredimo-resavski-park-u-svilajncu\/\" class=\"support-btn\">Podr\u017ei Peticiju<\/a>\n\n                <p style=\"margin-top:10px; font-size:14px; color:#555;\">\n                    Resavski park iza Po\u0161te u Svilajncu predstavlja va\u017eno mesto za svakodnevni \u017eivot na\u0161ih sugra\u0111ana \u2013 prostor okupljanja, odmora i dru\u017eenja. Na\u017ealost, park trenutno nije ure\u0111en...                <\/p>\n            <\/div>\n                        <div class=\"petition-card\">\n                                    <img decoding=\"async\" src=\"https:\/\/crp.rs\/wp-content\/uploads\/2025\/08\/slika-peticije3.jpg\" alt=\"INICIJATIVA ZA UKIDANJE FINANSIRANJA TV POMORAVLJA I PORTALA \u0106UPRIJA NET IZ BUD\u017dETA OP\u0160TINE \u0106UPRIJA\" class=\"petition-img\">\n                \n                <h3 class=\"petition-title\">INICIJATIVA ZA UKIDANJE FINANSIRANJA TV POMORAVLJA I PORTALA \u0106UPRIJA NET IZ BUD\u017dETA OP\u0160TINE \u0106UPRIJA<\/h3>\n\n                <div class=\"progress-bar\">\n                    <div class=\"progress-fill\" style=\"width: 71%;\"><\/div>\n                <\/div>\n                <p>214 \/ 300 potpisa<\/p>\n\n                <a href=\"https:\/\/crp.rs\/index.php\/petitions\/inicijativa-za-ukidanje-finansiranja-tv-pomoravlja-i-portala-cuprija-net-iz-budzeta-opstine-cuprija\/\" class=\"support-btn\">Podr\u017ei Peticiju<\/a>\n\n                <p style=\"margin-top:10px; font-size:14px; color:#555;\">\n                    Zahtevamo ukidanje finansiranja projekata javnog informisanja medijima&nbsp;TV Pomoravlje&nbsp;i&nbsp;\u0106uprija Net&nbsp;iz bud\u017eetskih sredstava op\u0161tine \u0106uprija.ZBOG \u010cEGA JE OVO VA\u017dNO?Ovi mediji, koji bi trebalo da slu\u017ee interesima svih...                <\/p>\n            <\/div>\n            <\/div>\n","protected":false},"excerpt":{"rendered":"","protected":false},"author":1,"featured_media":0,"parent":0,"menu_order":0,"comment_status":"closed","ping_status":"closed","template":"","meta":{"_acf_changed":false,"_themeisle_gutenberg_block_has_review":false,"_kadence_starter_templates_imported_post":false,"_kad_post_transparent":"","_kad_post_title":"","_kad_post_layout":"","_kad_post_sidebar_id":"","_kad_post_content_style":"","_kad_post_vertical_padding":"","_kad_post_feature":"","_kad_post_feature_position":"","_kad_post_header":false,"_kad_post_footer":false,"footnotes":""},"class_list":["post-1682","page","type-page","status-publish","hentry"],"acf":[],"yoast_head":"<!-- This site is optimized with the Yoast SEO plugin v25.8 - https:\/\/yoast.com\/wordpress\/plugins\/seo\/ -->\n<title>Aktivne Peticije - CRP<\/title>\n<meta name=\"robots\" content=\"index, follow, max-snippet:-1, max-image-preview:large, max-video-preview:-1\" \/>\n<link rel=\"canonical\" href=\"https:\/\/crp.rs\/index.php\/aktivne-peticije\/\" \/>\n<meta property=\"og:locale\" content=\"sr_RS\" \/>\n<meta property=\"og:type\" content=\"article\" \/>\n<meta property=\"og:title\" content=\"Aktivne Peticije - CRP\" \/>\n<meta property=\"og:url\" content=\"https:\/\/crp.rs\/index.php\/aktivne-peticije\/\" \/>\n<meta property=\"og:site_name\" content=\"CRP\" \/>\n<meta name=\"twitter:card\" content=\"summary_large_image\" \/>\n<script type=\"application\/ld+json\" class=\"yoast-schema-graph\">{\"@context\":\"https:\/\/schema.org\",\"@graph\":[{\"@type\":\"WebPage\",\"@id\":\"https:\/\/crp.rs\/index.php\/aktivne-peticije\/\",\"url\":\"https:\/\/crp.rs\/index.php\/aktivne-peticije\/\",\"name\":\"Aktivne Peticije - CRP\",\"isPartOf\":{\"@id\":\"https:\/\/crp.rs\/#website\"},\"datePublished\":\"2025-08-18T11:46:26+00:00\",\"breadcrumb\":{\"@id\":\"https:\/\/crp.rs\/index.php\/aktivne-peticije\/#breadcrumb\"},\"inLanguage\":\"sr-RS\",\"potentialAction\":[{\"@type\":\"ReadAction\",\"target\":[\"https:\/\/crp.rs\/index.php\/aktivne-peticije\/\"]}]},{\"@type\":\"BreadcrumbList\",\"@id\":\"https:\/\/crp.rs\/index.php\/aktivne-peticije\/#breadcrumb\",\"itemListElement\":[{\"@type\":\"ListItem\",\"position\":1,\"name\":\"\u041f\u043e\u0447\u0435\u0442\u043d\u0430\",\"item\":\"https:\/\/crp.rs\/\"},{\"@type\":\"ListItem\",\"position\":2,\"name\":\"Aktivne Peticije\"}]},{\"@type\":\"WebSite\",\"@id\":\"https:\/\/crp.rs\/#website\",\"url\":\"https:\/\/crp.rs\/\",\"name\":\"CRP\",\"description\":\"Centar za Razvoj Pomoravlja\",\"publisher\":{\"@id\":\"https:\/\/crp.rs\/#organization\"},\"potentialAction\":[{\"@type\":\"SearchAction\",\"target\":{\"@type\":\"EntryPoint\",\"urlTemplate\":\"https:\/\/crp.rs\/?s={search_term_string}\"},\"query-input\":{\"@type\":\"PropertyValueSpecification\",\"valueRequired\":true,\"valueName\":\"search_term_string\"}}],\"inLanguage\":\"sr-RS\"},{\"@type\":\"Organization\",\"@id\":\"https:\/\/crp.rs\/#organization\",\"name\":\"CRP\",\"url\":\"https:\/\/crp.rs\/\",\"logo\":{\"@type\":\"ImageObject\",\"inLanguage\":\"sr-RS\",\"@id\":\"https:\/\/crp.rs\/#\/schema\/logo\/image\/\",\"url\":\"https:\/\/crp.rs\/wp-content\/uploads\/2025\/09\/cropped-CRP-LOGO-SAJT.png\",\"contentUrl\":\"https:\/\/crp.rs\/wp-content\/uploads\/2025\/09\/cropped-CRP-LOGO-SAJT.png\",\"width\":1667,\"height\":667,\"caption\":\"CRP\"},\"image\":{\"@id\":\"https:\/\/crp.rs\/#\/schema\/logo\/image\/\"}}]}<\/script>\n<!-- \/ Yoast SEO plugin. -->","yoast_head_json":{"title":"Aktivne Peticije - CRP","robots":{"index":"index","follow":"follow","max-snippet":"max-snippet:-1","max-image-preview":"max-image-preview:large","max-video-preview":"max-video-preview:-1"},"canonical":"https:\/\/crp.rs\/index.php\/aktivne-peticije\/","og_locale":"sr_RS","og_type":"article","og_title":"Aktivne Peticije - CRP","og_url":"https:\/\/crp.rs\/index.php\/aktivne-peticije\/","og_site_name":"CRP","twitter_card":"summary_large_image","schema":{"@context":"https:\/\/schema.org","@graph":[{"@type":"WebPage","@id":"https:\/\/crp.rs\/index.php\/aktivne-peticije\/","url":"https:\/\/crp.rs\/index.php\/aktivne-peticije\/","name":"Aktivne Peticije - CRP","isPartOf":{"@id":"https:\/\/crp.rs\/#website"},"datePublished":"2025-08-18T11:46:26+00:00","breadcrumb":{"@id":"https:\/\/crp.rs\/index.php\/aktivne-peticije\/#breadcrumb"},"inLanguage":"sr-RS","potentialAction":[{"@type":"ReadAction","target":["https:\/\/crp.rs\/index.php\/aktivne-peticije\/"]}]},{"@type":"BreadcrumbList","@id":"https:\/\/crp.rs\/index.php\/aktivne-peticije\/#breadcrumb","itemListElement":[{"@type":"ListItem","position":1,"name":"\u041f\u043e\u0447\u0435\u0442\u043d\u0430","item":"https:\/\/crp.rs\/"},{"@type":"ListItem","position":2,"name":"Aktivne Peticije"}]},{"@type":"WebSite","@id":"https:\/\/crp.rs\/#website","url":"https:\/\/crp.rs\/","name":"CRP","description":"Centar za Razvoj Pomoravlja","publisher":{"@id":"https:\/\/crp.rs\/#organization"},"potentialAction":[{"@type":"SearchAction","target":{"@type":"EntryPoint","urlTemplate":"https:\/\/crp.rs\/?s={search_term_string}"},"query-input":{"@type":"PropertyValueSpecification","valueRequired":true,"valueName":"search_term_string"}}],"inLanguage":"sr-RS"},{"@type":"Organization","@id":"https:\/\/crp.rs\/#organization","name":"CRP","url":"https:\/\/crp.rs\/","logo":{"@type":"ImageObject","inLanguage":"sr-RS","@id":"https:\/\/crp.rs\/#\/schema\/logo\/image\/","url":"https:\/\/crp.rs\/wp-content\/uploads\/2025\/09\/cropped-CRP-LOGO-SAJT.png","contentUrl":"https:\/\/crp.rs\/wp-content\/uploads\/2025\/09\/cropped-CRP-LOGO-SAJT.png","width":1667,"height":667,"caption":"CRP"},"image":{"@id":"https:\/\/crp.rs\/#\/schema\/logo\/image\/"}}]}},"_links":{"self":[{"href":"https:\/\/crp.rs\/index.php\/wp-json\/wp\/v2\/pages\/1682","targetHints":{"allow":["GET"]}}],"collection":[{"href":"https:\/\/crp.rs\/index.php\/wp-json\/wp\/v2\/pages"}],"about":[{"href":"https:\/\/crp.rs\/index.php\/wp-json\/wp\/v2\/types\/page"}],"author":[{"embeddable":true,"href":"https:\/\/crp.rs\/index.php\/wp-json\/wp\/v2\/users\/1"}],"replies":[{"embeddable":true,"href":"https:\/\/crp.rs\/index.php\/wp-json\/wp\/v2\/comments?post=1682"}],"version-history":[{"count":1,"href":"https:\/\/crp.rs\/index.php\/wp-json\/wp\/v2\/pages\/1682\/revisions"}],"predecessor-version":[{"id":1683,"href":"https:\/\/crp.rs\/index.php\/wp-json\/wp\/v2\/pages\/1682\/revisions\/1683"}],"wp:attachment":[{"href":"https:\/\/crp.rs\/index.php\/wp-json\/wp\/v2\/media?parent=1682"}],"curies":[{"name":"wp","href":"https:\/\/api.w.org\/{rel}","templated":true}]}}